{"id":1045,"date":"2017-06-15T09:12:07","date_gmt":"2017-06-15T09:12:07","guid":{"rendered":"https:\/\/psplawyers.es\/home\/"},"modified":"2026-04-29T07:53:23","modified_gmt":"2026-04-29T07:53:23","slug":"home","status":"publish","type":"page","link":"https:\/\/psplawyers.es\/fr\/","title":{"rendered":"HOME"},"content":{"rendered":"\n<div class=\"et_pb_section_1 et_pb_section et_pb_fullwidth_section et_section_regular et_block_section\"><div class=\"et_pb_fullwidth_slider_1 et_pb_slider et_pb_module\"><div class=\"et_pb_slides\"><div class=\"et_pb_slide_1 et_pb_slide et_pb_media_alignment_center et_pb_bg_layout_dark et_pb_text_align_center\" data-slide-id=\"divi\/slide-1\"><div class=\"et_pb_container\"><div class=\"et_pb_slider_container_inner\"><div class=\"et_pb_slide_description\"><h2 class=\"et_pb_slide_title\">PSP LAWYERS & SOLICITORS<\/h2><div class=\"et_pb_slide_content et-hide-mobile\"><h2 style=\"text-align: center;\">In laws we trust<\/h2>\n<h2 style=\"text-align: center;\"><strong>Premi\u00e8re consultation gratuite<\/strong><\/h2>\n<\/div><\/div><\/div><\/div><\/div><\/div><\/div><\/div><div class=\"et_pb_section_2 et_pb_section et_section_regular et_block_section\"><div class=\"et_pb_row_0 et_pb_row et_pb_row_1-4_1-2_1-4 et_block_row et_block_row_1-4_1-2_1-4\"><div class=\"et_pb_column_0 et_pb_column et_pb_column_1_4 et_block_column et_pb_column_empty et_pb_css_mix_blend_mode_passthrough\"><\/div><div class=\"et_pb_column_1 et_pb_column et_pb_column_1_2 et_block_column et_pb_css_mix_blend_mode_passthrough\"><div class=\"et_pb_text_0 et_pb_text et_pb_bg_layout_light et_pb_module et_block_module des_line\"><div class=\"et_pb_text_inner\"><h2 style=\"text-align: center;\">Un service personnalis\u00e9<\/h2>\n<\/div><\/div><\/div><div class=\"et_pb_column_2 et_pb_column et_pb_column_1_4 et-last-child et_block_column et_pb_column_empty et_pb_css_mix_blend_mode_passthrough\"><\/div><\/div><div class=\"et_pb_row_1 et_pb_row et_block_row\"><div class=\"et_pb_column_3 et_pb_column et_pb_column_4_4 et-last-child et_block_column et_pb_css_mix_blend_mode_passthrough\"><div class=\"et_pb_text_1 et_pb_text et_pb_bg_layout_light et_pb_module et_block_module\"><div class=\"et_pb_text_inner\"><p style=\"text-align: center;\">Service totalement personnalis\u00e9 et sur mesure avec contact direct\/facile et rapide 24 h avec l\u2019avocat en charge de votre dossier.<\/p>\n<\/div><\/div><div class=\"et_pb_module et_pb_button_module_wrapper et_pb_button_0_wrapper\"><a class=\"et_pb_button_0 et_pb_button et_pb_bg_layout_light et_pb_module et_block_module\" href=\"https:\/\/psplawyers.es\/nosotros\/\">EN SAVOUIR PLUS<\/a><\/div><\/div><\/div><div class=\"et_pb_row_2 et_pb_row et_pb_row_1-4_1-2_1-4 et_block_row et_block_row_1-4_1-2_1-4\"><div class=\"et_pb_column_4 et_pb_column et_pb_column_1_4 et_block_column et_pb_column_empty et_pb_css_mix_blend_mode_passthrough\"><\/div><div class=\"et_pb_column_5 et_pb_column et_pb_column_1_2 et_block_column et_pb_css_mix_blend_mode_passthrough\"><div class=\"et_pb_divider_0 et_pb_divider et_pb_space et_pb_divider_position_top et_pb_module\"><div class=\"et_pb_divider_internal\"><\/div><\/div><\/div><div class=\"et_pb_column_6 et_pb_column et_pb_column_1_4 et-last-child et_block_column et_pb_column_empty et_pb_css_mix_blend_mode_passthrough\"><\/div><\/div><\/div><div class=\"et_pb_section_3 et_pb_section et_section_regular et_block_section\"><div class=\"et_pb_row_3 et_pb_row et_pb_row_1-4_1-2_1-4 et_block_row et_block_row_1-4_1-2_1-4\"><div class=\"et_pb_column_7 et_pb_column et_pb_column_1_4 et_block_column et_pb_column_empty et_pb_css_mix_blend_mode_passthrough\"><\/div><div class=\"et_pb_column_8 et_pb_column et_pb_column_1_2 et_block_column et_pb_css_mix_blend_mode_passthrough\"><div class=\"et_pb_text_2 et_pb_text et_pb_bg_layout_light et_pb_module et_block_module des_line\"><div class=\"et_pb_text_inner\"><h3 style=\"text-align: center;\">Nos domaines d'intervention<\/h3>\n<\/div><\/div><\/div><div class=\"et_pb_column_9 et_pb_column et_pb_column_1_4 et-last-child et_block_column et_pb_column_empty et_pb_css_mix_blend_mode_passthrough\"><\/div><\/div><div class=\"et_pb_row_4 et_pb_row et_block_row\"><div class=\"et_pb_column_10 et_pb_column et_pb_column_4_4 et-last-child et_block_column et_pb_css_mix_blend_mode_passthrough\"><div class=\"et_pb_text_3 et_pb_text et_pb_bg_layout_light et_pb_module et_block_module\"><div class=\"et_pb_text_inner\"><p style=\"text-align: center;\">Nuestro bufete de abogados est\u00e1 especializado en las siguientes \u00e1reas jur\u00eddicas,con un amplio y perfecto conocimiento de la zona de la Costa del Sol, y en particular de Marbella.<\/p>\n<\/div><\/div><\/div><\/div><div class=\"et_pb_row_5 et_pb_row et_block_row\"><div class=\"et_pb_column_11 et_pb_column et_pb_column_1_3 et_block_column et_pb_css_mix_blend_mode_passthrough\"><div class=\"et_pb_cta_0 et_pb_promo et_pb_bg_layout_dark et_pb_module et_block_module\"><div class=\"et_pb_promo_description\"><h2 class=\"et_pb_module_header\">Achat et vente - Fiscalit\u00e9 immobili\u00e8re<\/h2><div class=\"et_pb_promo_content\"><p>\n<img loading=\"lazy\" decoding=\"async\" class=\"size-medium wp-image-324 aligncenter\" src=\"https:\/\/psplawyers.es\/wp-content\/uploads\/2017\/06\/inmobiliaria-300x158.jpg\" alt=\"\" width=\"300\" height=\"158\" srcset=\"https:\/\/psplawyers.es\/wp-content\/uploads\/2017\/06\/inmobiliaria-300x158.jpg 300w, https:\/\/psplawyers.es\/wp-content\/uploads\/2017\/06\/inmobiliaria-768x405.jpg 768w, https:\/\/psplawyers.es\/wp-content\/uploads\/2017\/06\/inmobiliaria.jpg 800w\" sizes=\"(max-width: 300px) 100vw, 300px\" \/><\/p>\n<p style=\"text-align: left !important;\">Nous ma\u00eetrisons tous les aspects des domaines de l'achat et de vente, et obtenons les meilleurs r\u00e9sultats en conseil juridique sur l'acquisition, la vente ou toute autre forme juridique de transfert de droits, de mani\u00e8re avantageuse pour le client .<\/p>\n<\/div><\/div><div class=\"et_pb_button_wrapper\"><a class=\"et_pb_button et_pb_promo_button\" href=\"https:\/\/psplawyers.es\/compra-venta-fiscalidad-inmobiliaria\/\">VER M\u00c1S<\/a><\/div><\/div><\/div><div class=\"et_pb_column_12 et_pb_column et_pb_column_1_3 et_block_column et_pb_css_mix_blend_mode_passthrough\"><div class=\"et_pb_cta_1 et_pb_promo et_pb_bg_layout_dark et_pb_module et_block_module\"><div class=\"et_pb_promo_description\"><h2 class=\"et_pb_module_header\">Conseils en tous types de contrats<\/h2><div class=\"et_pb_promo_content\"><p>\n<img loading=\"lazy\" decoding=\"async\" class=\"size-medium wp-image-331 aligncenter\" src=\"https:\/\/psplawyers.es\/wp-content\/uploads\/2017\/06\/contratos-300x153.jpg\" alt=\"\" width=\"300\" height=\"153\" srcset=\"https:\/\/psplawyers.es\/wp-content\/uploads\/2017\/06\/contratos-300x153.jpg 300w, https:\/\/psplawyers.es\/wp-content\/uploads\/2017\/06\/contratos-768x391.jpg 768w, https:\/\/psplawyers.es\/wp-content\/uploads\/2017\/06\/contratos.jpg 800w\" sizes=\"(max-width: 300px) 100vw, 300px\" \/><\/p>\n<p style=\"text-align: left !important; padding-bottom: 5px !important;\">Nos avocats sont des sp\u00e9cialistes pour conseiller nos clients \u00e0 chaque \u00e9tape contractuelle dans n\u2019importe quel type de contrats, leur offrir une assistance et un soutien au cours de leurs affaires, prot\u00e9ger leurs int\u00e9r\u00eats et les aider \u00e0 r\u00e9ussir.<\/p>\n<\/div><\/div><div class=\"et_pb_button_wrapper\"><a class=\"et_pb_button et_pb_promo_button\" href=\"https:\/\/psplawyers.es\/asesoramiento-contratos\/\">VER M\u00c1S<\/a><\/div><\/div><\/div><div class=\"et_pb_column_13 et_pb_column et_pb_column_1_3 et-last-child et_block_column et_pb_css_mix_blend_mode_passthrough\"><div class=\"et_pb_cta_2 et_pb_promo et_pb_bg_layout_dark et_pb_module et_block_module\"><div class=\"et_pb_promo_description\"><h2 class=\"et_pb_module_header\">Sp\u00e9cialistes en Droit<\/h2><div class=\"et_pb_promo_content\"><p>\n<img loading=\"lazy\" decoding=\"async\" class=\"size-medium wp-image-337 aligncenter\" src=\"https:\/\/psplawyers.es\/wp-content\/uploads\/2017\/06\/derecho-300x179.jpg\" alt=\"\" width=\"300\" height=\"179\" srcset=\"https:\/\/psplawyers.es\/wp-content\/uploads\/2017\/06\/derecho-300x179.jpg 300w, https:\/\/psplawyers.es\/wp-content\/uploads\/2017\/06\/derecho-768x457.jpg 768w, https:\/\/psplawyers.es\/wp-content\/uploads\/2017\/06\/derecho.jpg 800w\" sizes=\"(max-width: 300px) 100vw, 300px\" \/><\/p>\n<p style=\"text-align: left !important; padding-bottom: 11px !important;\">Nous sommes sp\u00e9cialis\u00e9s dans plusieurs domaines du droit tels que: droit des affaires, Droit de la famille, droit des successions, testaments (loi de succession), Contentieux, Droit p\u00e9nal, Droit international, etc ..<\/p>\n<\/div><\/div><div class=\"et_pb_button_wrapper\"><a class=\"et_pb_button et_pb_promo_button\" href=\"https:\/\/psplawyers.es\/derecho\/\">VER M\u00c1S<\/a><\/div><\/div><\/div><\/div><\/div><div class=\"et_pb_section_4 et_pb_section et_pb_fullwidth_section et_section_regular et_block_section\"><section class=\"et_pb_fullwidth_header_0 et_pb_fullwidth_header et_pb_bg_layout_dark et_pb_text_align_center et_pb_module et_flex_module\"><div class=\"et_pb_fullwidth_header_container center\"><div class=\"header-content-container center\"><div class=\"header-content et_flex_module\"><h1 class=\"et_pb_module_header\">Si vous avez des questions, contactez-nous<\/h1><span class=\"et_pb_fullwidth_header_subhead\">Si vous avez des doutes concernant nos prestations o\u00f9 votre cas pr\u00e9cis, n\u2019h\u00e9sitez pas \u00e0 nous contacter, nous nous ferons un plaisir de r\u00e9pondre \u00e0 vos questions<\/span><div class=\"et_pb_header_button_wrapper\"><a class=\"et_pb_button et_pb_more_button et_pb_button_one\" href=\"https:\/\/psplawyers.es\/contacto\/\">CONTACTEZ-NOUS<\/a><\/div><\/div><\/div><\/div><div class=\"et_pb_fullwidth_header_overlay\"><\/div><div class=\"et_pb_fullwidth_header_scroll\"><\/div><\/section><\/div>\n","protected":false},"excerpt":{"rendered":"","protected":false},"author":1,"featured_media":0,"parent":0,"menu_order":0,"comment_status":"closed","ping_status":"closed","template":"","meta":{"footnotes":""},"class_list":["post-1045","page","type-page","status-publish","hentry"],"aioseo_notices":[],"_links":{"self":[{"href":"https:\/\/psplawyers.es\/fr\/wp-json\/wp\/v2\/pages\/1045","targetHints":{"allow":["GET"]}}],"collection":[{"href":"https:\/\/psplawyers.es\/fr\/wp-json\/wp\/v2\/pages"}],"about":[{"href":"https:\/\/psplawyers.es\/fr\/wp-json\/wp\/v2\/types\/page"}],"author":[{"embeddable":true,"href":"https:\/\/psplawyers.es\/fr\/wp-json\/wp\/v2\/users\/1"}],"replies":[{"embeddable":true,"href":"https:\/\/psplawyers.es\/fr\/wp-json\/wp\/v2\/comments?post=1045"}],"version-history":[{"count":5,"href":"https:\/\/psplawyers.es\/fr\/wp-json\/wp\/v2\/pages\/1045\/revisions"}],"predecessor-version":[{"id":1345,"href":"https:\/\/psplawyers.es\/fr\/wp-json\/wp\/v2\/pages\/1045\/revisions\/1345"}],"wp:attachment":[{"href":"https:\/\/psplawyers.es\/fr\/wp-json\/wp\/v2\/media?parent=1045"}],"curies":[{"name":"wp","href":"https:\/\/api.w.org\/{rel}","templated":true}]}}