{"id":1048,"date":"2017-06-15T10:36:50","date_gmt":"2017-06-15T10:36:50","guid":{"rendered":"https:\/\/psplawyers.es\/qui-sommes-nous\/"},"modified":"2026-04-29T07:53:27","modified_gmt":"2026-04-29T07:53:27","slug":"qui-sommes-nous","status":"publish","type":"page","link":"https:\/\/psplawyers.es\/fr\/qui-sommes-nous\/","title":{"rendered":"QUI SOMMES NOUS"},"content":{"rendered":"<div class=\"et_pb_section_0 et_pb_section et_pb_fullwidth_section et_section_regular et_block_section\"><section class=\"et_pb_fullwidth_header_0 et_pb_fullwidth_header et_pb_bg_layout_dark et_pb_text_align_left et_pb_module et_flex_module\"><div class=\"et_pb_fullwidth_header_container left\"><div class=\"header-content-container center\"><div class=\"header-content et_flex_module\"><h1 class=\"et_pb_module_header\">QUI SOMMES NOUS<\/h1><div class=\"et_pb_header_button_wrapper\"><\/div><\/div><\/div><\/div><div class=\"et_pb_fullwidth_header_overlay\"><\/div><div class=\"et_pb_fullwidth_header_scroll\"><\/div><\/section><\/div><div class=\"et_pb_section_1 et_pb_section et_section_regular et_block_section\"><div class=\"et_pb_row_0 et_pb_row et_block_row\"><div class=\"et_pb_column_0 et_pb_column et_pb_column_4_4 et-last-child et_block_column et_pb_css_mix_blend_mode_passthrough\"><div class=\"et_pb_text_0 et_pb_text et_pb_bg_layout_light et_pb_module et_block_module et_pb_text_align_left\"><div class=\"et_pb_text_inner\"><h2>Pourquoi choisir PSP Lawyers \/ Solicitors?<\/h2>\n<\/div><\/div><div class=\"et_pb_text_1 et_pb_text et_pb_bg_layout_light et_pb_module et_block_module et_pb_text_align_left\"><div class=\"et_pb_text_inner\"><h4><i class=\"fa fa-angle-double-right\" aria-hidden=\"true\"><\/i> Un service personnalis\u00e9<\/h4>\n<p>Un service personnalis\u00e9 sur mesure avec contact direct\/facile et rapide 24 h avec l'avocat qui g\u00e8re votre cas.<\/p>\n<h4><i class=\"fa fa-angle-double-right\" aria-hidden=\"true\"><\/i> S\u00e9rieux et professionnalisme<\/h4>\n<p>Quand vous choisissez PSP, vous optez pour un professionnel engag\u00e9 avec ses clients.<\/p>\n<h4><i class=\"fa fa-angle-double-right\" aria-hidden=\"true\"><\/i> Confiance<\/h4>\n<p>C\u2019est la pierre angulaire de toute relation professionnelle, priorit\u00e9 absolue pour que les clients se sentent en s\u00e9curit\u00e9 et en confiance avec notre \u00e9quipe. Nous veillons \u00e0 ce que leurs affaires juridiques soient trait\u00e9es avec confiance, discr\u00e9tion et par les meilleurs professionnels du secteur.<\/p>\n<h4><i class=\"fa fa-angle-double-right\" aria-hidden=\"true\"><\/i> Fid\u00e9lit\u00e9 et ambition<\/h4>\n<p>Nous cherchons et obtenons les meilleurs int\u00e9r\u00eats des clients selon les normes les plus strictes de loyaut\u00e9 et de confidentialit\u00e9.<\/p>\n<p>Notre objectif est d'aller au-del\u00e0 des attentes de nos clients.<\/p>\n<p>&nbsp;<\/p>\n<\/div><\/div><div class=\"et_pb_image_0 et_pb_image et_pb_module et_block_module\"><span class=\"et_pb_image_wrap\"><img loading=\"lazy\" decoding=\"async\" src=\"https:\/\/psplawyers.es\/wp-content\/uploads\/2017\/06\/equipo.jpg\" width=\"800\" height=\"386\" srcset=\"https:\/\/psplawyers.es\/wp-content\/uploads\/2017\/06\/equipo.jpg 800w, https:\/\/psplawyers.es\/wp-content\/uploads\/2017\/06\/equipo-300x145.jpg 300w, https:\/\/psplawyers.es\/wp-content\/uploads\/2017\/06\/equipo-768x371.jpg 768w\" sizes=\"(max-width: 800px) 100vw, 800px\" class=\"wp-image-318\" \/><\/span><\/div><div class=\"et_pb_text_2 et_pb_text et_pb_bg_layout_light et_pb_module et_block_module et_pb_text_align_left\"><div class=\"et_pb_text_inner\"><h4><i class=\"fa fa-angle-double-right\" aria-hidden=\"true\"><\/i> Clients d\u00fbment inform\u00e9s<\/h4>\n<p>Pour vous fournir une totale tranquillit\u00e9, nous vous tiendrons pleinement inform\u00e9s de fa\u00e7on p\u00e9riodique, \u00e0 toutes les \u00e9tapes de l'affaire et vous enverrons des rapports actualis\u00e9s, pour dissiper tous les doutes pouvant exister.<\/p>\n<h4><i class=\"fa fa-angle-double-right\" aria-hidden=\"true\"><\/i> Professionnalisme<\/h4>\n<p>Nous disposons d\u2019une \u00e9quipe hautement qualifi\u00e9e.<\/p>\n<h4><i class=\"fa fa-angle-double-right\" aria-hidden=\"true\"><\/i> Notre seul objectif, votre satisfaction<\/h4>\n<p>Notre \u00e9quipe d'experts travaille sans rel\u00e2che pour atteindre notre objectif principal qui n\u2019est autre que fournir chaque jour les meilleurs services, dans un climat de professionnalisme, engagement, confiance, et loyaut\u00e9 de mani\u00e8re enti\u00e8rement personnalis\u00e9e \u00e0 des co\u00fbts tr\u00e8s comp\u00e9titifs et adapt\u00e9s \u00e0 chaque client<\/p>\n<h4><i class=\"fa fa-angle-double-right\" aria-hidden=\"true\"><\/i> Honoraires<\/h4>\n<p>Nous avons des politiques tr\u00e8s sp\u00e9cifiques concernant les frais. A l\u2019avance nous informons nos clients des honoraires que nous percevons. Nous leur demandons de nous informer des ant\u00e9c\u00e9dents pour nous permettre d\u2019\u00e9valuer la quantit\u00e9 de travail \u00e0 r\u00e9aliser et leur remettons la quantification \u00e9conomique par \u00e9crit pour qu\u2019il y ait une totale transparence entre les parties.<\/p>\n<\/div><\/div><\/div><\/div><\/div><div class=\"et_pb_section_2 et_pb_section et_pb_fullwidth_section et_section_regular et_block_section\"><section class=\"et_pb_fullwidth_header_1 et_pb_fullwidth_header et_pb_bg_layout_dark et_pb_text_align_center et_pb_module et_flex_module\"><div class=\"et_pb_fullwidth_header_container center\"><div class=\"header-content-container center\"><div class=\"header-content et_flex_module\"><h1 class=\"et_pb_module_header\">Si vous avez des questions, contactez-nous<\/h1><span class=\"et_pb_fullwidth_header_subhead\">Si vous avez des doutes concernant nos prestations o\u00f9 votre cas pr\u00e9cis, n\u2019h\u00e9sitez pas \u00e0 nous contacter, nous nous ferons un plaisir de r\u00e9pondre \u00e0 vos questions<\/span><div class=\"et_pb_header_button_wrapper\"><a class=\"et_pb_button et_pb_more_button et_pb_button_one\" href=\"https:\/\/psplawyers.es\/fr\/contacto\/\">CONTACTEZ-NOUS<\/a><\/div><\/div><\/div><\/div><div class=\"et_pb_fullwidth_header_overlay\"><\/div><div class=\"et_pb_fullwidth_header_scroll\"><\/div><\/section><\/div>","protected":false},"excerpt":{"rendered":"","protected":false},"author":1,"featured_media":0,"parent":0,"menu_order":0,"comment_status":"closed","ping_status":"closed","template":"","meta":{"footnotes":""},"class_list":["post-1048","page","type-page","status-publish","hentry"],"aioseo_notices":[],"_links":{"self":[{"href":"https:\/\/psplawyers.es\/fr\/wp-json\/wp\/v2\/pages\/1048","targetHints":{"allow":["GET"]}}],"collection":[{"href":"https:\/\/psplawyers.es\/fr\/wp-json\/wp\/v2\/pages"}],"about":[{"href":"https:\/\/psplawyers.es\/fr\/wp-json\/wp\/v2\/types\/page"}],"author":[{"embeddable":true,"href":"https:\/\/psplawyers.es\/fr\/wp-json\/wp\/v2\/users\/1"}],"replies":[{"embeddable":true,"href":"https:\/\/psplawyers.es\/fr\/wp-json\/wp\/v2\/comments?post=1048"}],"version-history":[{"count":1,"href":"https:\/\/psplawyers.es\/fr\/wp-json\/wp\/v2\/pages\/1048\/revisions"}],"predecessor-version":[{"id":1348,"href":"https:\/\/psplawyers.es\/fr\/wp-json\/wp\/v2\/pages\/1048\/revisions\/1348"}],"wp:attachment":[{"href":"https:\/\/psplawyers.es\/fr\/wp-json\/wp\/v2\/media?parent=1048"}],"curies":[{"name":"wp","href":"https:\/\/api.w.org\/{rel}","templated":true}]}}