{"id":1051,"date":"2017-06-15T11:26:36","date_gmt":"2017-06-15T11:26:36","guid":{"rendered":"https:\/\/psplawyers.es\/achat-et-vente-fiscalite-immobiliere\/"},"modified":"2026-04-29T07:53:30","modified_gmt":"2026-04-29T07:53:30","slug":"achat-et-vente-fiscalite-immobiliere","status":"publish","type":"page","link":"https:\/\/psplawyers.es\/fr\/achat-et-vente-fiscalite-immobiliere\/","title":{"rendered":"ACHAT ET VENTE \u2013 FISCALIT\u00c9 IMMOBILI\u00c8RE"},"content":{"rendered":"<div class=\"et_pb_section_0 et_pb_section et_pb_fullwidth_section et_section_regular et_block_section\"><section class=\"et_pb_fullwidth_header_0 et_pb_fullwidth_header et_pb_bg_layout_dark et_pb_text_align_left et_pb_module et_flex_module\"><div class=\"et_pb_fullwidth_header_container left\"><div class=\"header-content-container center\"><div class=\"header-content et_flex_module\"><h1 class=\"et_pb_module_header\">ACHAT ET VENTE \u2013 FISCALIT\u00c9 IMMOBILI\u00c8RE<\/h1><div class=\"et_pb_header_button_wrapper\"><\/div><\/div><\/div><\/div><div class=\"et_pb_fullwidth_header_overlay\"><\/div><div class=\"et_pb_fullwidth_header_scroll\"><\/div><\/section><\/div><div class=\"et_pb_section_1 et_pb_section et_section_regular et_block_section\"><div class=\"et_pb_row_0 et_pb_row et_block_row\"><div class=\"et_pb_column_0 et_pb_column et_pb_column_4_4 et-last-child et_block_column et_pb_css_mix_blend_mode_passthrough\"><div class=\"et_pb_text_0 et_pb_text et_pb_bg_layout_light et_pb_module et_block_module et_pb_text_align_justified\"><div class=\"et_pb_text_inner\"><p>Nous ma\u00eetrisons tous les aspects des domaines de l'achat et de vente, et obtenons les meilleurs r\u00e9sultats en conseil juridique sur l'acquisition, la vente ou toute autre forme juridique de transfert de droits, avantageux pour le client.<\/p>\n<p>Notre \u00e9quipe poss\u00e8de une vaste exp\u00e9rience dans la gestion efficace des aspects juridiques dans les achats, les ventes, les hypoth\u00e8ques et locaux commerciaux de toute sorte, ainsi que dans les conseils sur tous les aspects de la loi applicable, \u00e9tant des sp\u00e9cialistes de la Costa Del Sol, et en particulier Marbella.<\/p>\n<p>Nos avocats travaillent avec nos clients \u00e0 toutes les \u00e9tapes de la transaction. Par cons\u00e9quent, minimisent le risque d'exposition et essayent de maximiser les profits en fournissant une estimation des co\u00fbts probables, d\u00e8s l\u2019instant o\u00f9 les clients nous contactent, et en les conseillant pleinement dans les n\u00e9gociations pour un plus grand b\u00e9n\u00e9fice.<\/p>\n<\/div><\/div><div class=\"et_pb_image_0 et_pb_image et_pb_module et_block_module\"><span class=\"et_pb_image_wrap\"><img loading=\"lazy\" decoding=\"async\" src=\"https:\/\/psplawyers.es\/wp-content\/uploads\/2017\/06\/inmobiliaria.jpg\" width=\"800\" height=\"422\" srcset=\"https:\/\/psplawyers.es\/wp-content\/uploads\/2017\/06\/inmobiliaria.jpg 800w, https:\/\/psplawyers.es\/wp-content\/uploads\/2017\/06\/inmobiliaria-300x158.jpg 300w, https:\/\/psplawyers.es\/wp-content\/uploads\/2017\/06\/inmobiliaria-768x405.jpg 768w\" sizes=\"(max-width: 800px) 100vw, 800px\" class=\"wp-image-324\" \/><\/span><\/div><\/div><\/div><\/div><div class=\"et_pb_section_2 et_pb_section et_pb_fullwidth_section et_section_regular et_block_section\"><section class=\"et_pb_fullwidth_header_1 et_pb_fullwidth_header et_pb_bg_layout_dark et_pb_text_align_center et_pb_module et_flex_module\"><div class=\"et_pb_fullwidth_header_container center\"><div class=\"header-content-container center\"><div class=\"header-content et_flex_module\"><h1 class=\"et_pb_module_header\">Si vous avez des questions, contactez-nous<\/h1><span class=\"et_pb_fullwidth_header_subhead\">Si vous avez des doutes concernant nos prestations o\u00f9 votre cas pr\u00e9cis, n\u2019h\u00e9sitez pas \u00e0 nous contacter, nous nous ferons un plaisir de r\u00e9pondre \u00e0 vos questions<\/span><div class=\"et_pb_header_button_wrapper\"><a class=\"et_pb_button et_pb_more_button et_pb_button_one\" href=\"https:\/\/psplawyers.es\/fr\/contacto\/\">CONTACTEZ-NOUS<\/a><\/div><\/div><\/div><\/div><div class=\"et_pb_fullwidth_header_overlay\"><\/div><div class=\"et_pb_fullwidth_header_scroll\"><\/div><\/section><\/div>","protected":false},"excerpt":{"rendered":"","protected":false},"author":1,"featured_media":0,"parent":0,"menu_order":0,"comment_status":"closed","ping_status":"closed","template":"","meta":{"footnotes":""},"class_list":["post-1051","page","type-page","status-publish","hentry"],"aioseo_notices":[],"_links":{"self":[{"href":"https:\/\/psplawyers.es\/fr\/wp-json\/wp\/v2\/pages\/1051","targetHints":{"allow":["GET"]}}],"collection":[{"href":"https:\/\/psplawyers.es\/fr\/wp-json\/wp\/v2\/pages"}],"about":[{"href":"https:\/\/psplawyers.es\/fr\/wp-json\/wp\/v2\/types\/page"}],"author":[{"embeddable":true,"href":"https:\/\/psplawyers.es\/fr\/wp-json\/wp\/v2\/users\/1"}],"replies":[{"embeddable":true,"href":"https:\/\/psplawyers.es\/fr\/wp-json\/wp\/v2\/comments?post=1051"}],"version-history":[{"count":1,"href":"https:\/\/psplawyers.es\/fr\/wp-json\/wp\/v2\/pages\/1051\/revisions"}],"predecessor-version":[{"id":1351,"href":"https:\/\/psplawyers.es\/fr\/wp-json\/wp\/v2\/pages\/1051\/revisions\/1351"}],"wp:attachment":[{"href":"https:\/\/psplawyers.es\/fr\/wp-json\/wp\/v2\/media?parent=1051"}],"curies":[{"name":"wp","href":"https:\/\/api.w.org\/{rel}","templated":true}]}}