{"id":1054,"date":"2017-06-15T11:29:28","date_gmt":"2017-06-15T11:29:28","guid":{"rendered":"https:\/\/psplawyers.es\/asesoramiento-contratos\/"},"modified":"2026-04-29T07:53:33","modified_gmt":"2026-04-29T07:53:33","slug":"asesoramiento-contratos","status":"publish","type":"page","link":"https:\/\/psplawyers.es\/fr\/asesoramiento-contratos\/","title":{"rendered":"ASESORAMIENTO CONTRATOS"},"content":{"rendered":"<div class=\"et_pb_section_0 et_pb_section et_pb_fullwidth_section et_section_regular et_block_section\"><section class=\"et_pb_fullwidth_header_0 et_pb_fullwidth_header et_pb_bg_layout_dark et_pb_text_align_left et_pb_module et_flex_module\"><div class=\"et_pb_fullwidth_header_container left\"><div class=\"header-content-container center\"><div class=\"header-content et_flex_module\"><h1 class=\"et_pb_module_header\">CONSEILS EN TOUS TYPES DE CONTRATS<\/h1><div class=\"et_pb_header_button_wrapper\"><\/div><\/div><\/div><\/div><div class=\"et_pb_fullwidth_header_overlay\"><\/div><div class=\"et_pb_fullwidth_header_scroll\"><\/div><\/section><\/div><div class=\"et_pb_section_1 et_pb_section et_section_regular et_block_section\"><div class=\"et_pb_row_0 et_pb_row et_block_row\"><div class=\"et_pb_column_0 et_pb_column et_pb_column_4_4 et-last-child et_block_column et_pb_css_mix_blend_mode_passthrough\"><div class=\"et_pb_text_0 et_pb_text et_pb_bg_layout_light et_pb_module et_block_module et_pb_text_align_justified\"><div class=\"et_pb_text_inner\"><p>Nos avocats sont des sp\u00e9cialistes pour conseiller nos clients \u00e0 chaque \u00e9tape contractuelle dans n\u2019importe quel type de contrats, leur offrir une assistance et un soutien au cours de leurs affaires, prot\u00e9ger leurs int\u00e9r\u00eats et les aider \u00e0 r\u00e9ussir.<\/p>\n<p>Notre \u00e9quipe veille \u00e0 ce que nos clients comprennent et se sentent \u00e0 l'aise avec les termes de tout contrat. Nous donnons notre avis et orientons sur tous vos accords avant que vous ne donniez votre consentement final, vous offrant les meilleures conditions possibles, et les meilleurs conseils d'experts dans le domaine.<\/p>\n<\/div><\/div><div class=\"et_pb_text_1 et_pb_text et_pb_bg_layout_light et_pb_module et_block_module et_pb_text_align_left\"><div class=\"et_pb_text_inner\"><blockquote>\n<h3 style=\"text-align: center;\">Nous n\u00e9gocions et r\u00e9digeons tous types de contrats<\/h3>\n<\/blockquote>\n<\/div><\/div><div class=\"et_pb_image_0 et_pb_image et_pb_module et_block_module\"><span class=\"et_pb_image_wrap\"><img loading=\"lazy\" decoding=\"async\" src=\"https:\/\/psplawyers.es\/wp-content\/uploads\/2017\/06\/contratos.jpg\" width=\"800\" height=\"407\" srcset=\"https:\/\/psplawyers.es\/wp-content\/uploads\/2017\/06\/contratos.jpg 800w, https:\/\/psplawyers.es\/wp-content\/uploads\/2017\/06\/contratos-300x153.jpg 300w, https:\/\/psplawyers.es\/wp-content\/uploads\/2017\/06\/contratos-768x391.jpg 768w\" sizes=\"(max-width: 800px) 100vw, 800px\" class=\"wp-image-331\" \/><\/span><\/div><\/div><\/div><\/div><div class=\"et_pb_section_2 et_pb_section et_pb_fullwidth_section et_section_regular et_block_section\"><section class=\"et_pb_fullwidth_header_1 et_pb_fullwidth_header et_pb_bg_layout_dark et_pb_text_align_center et_pb_module et_flex_module\"><div class=\"et_pb_fullwidth_header_container center\"><div class=\"header-content-container center\"><div class=\"header-content et_flex_module\"><h1 class=\"et_pb_module_header\">Si vous avez des questions, contactez-nous<\/h1><span class=\"et_pb_fullwidth_header_subhead\">Si vous avez des doutes concernant nos prestations o\u00f9 votre cas pr\u00e9cis, n\u2019h\u00e9sitez pas \u00e0 nous contacter, nous nous ferons un plaisir de r\u00e9pondre \u00e0 vos questions<\/span><div class=\"et_pb_header_button_wrapper\"><a class=\"et_pb_button et_pb_more_button et_pb_button_one\" href=\"https:\/\/psplawyers.es\/fr\/contacto\/\">CONTACTEZ-NOUS<\/a><\/div><\/div><\/div><\/div><div class=\"et_pb_fullwidth_header_overlay\"><\/div><div class=\"et_pb_fullwidth_header_scroll\"><\/div><\/section><\/div>","protected":false},"excerpt":{"rendered":"","protected":false},"author":1,"featured_media":0,"parent":0,"menu_order":0,"comment_status":"closed","ping_status":"closed","template":"","meta":{"footnotes":""},"class_list":["post-1054","page","type-page","status-publish","hentry"],"aioseo_notices":[],"_links":{"self":[{"href":"https:\/\/psplawyers.es\/fr\/wp-json\/wp\/v2\/pages\/1054","targetHints":{"allow":["GET"]}}],"collection":[{"href":"https:\/\/psplawyers.es\/fr\/wp-json\/wp\/v2\/pages"}],"about":[{"href":"https:\/\/psplawyers.es\/fr\/wp-json\/wp\/v2\/types\/page"}],"author":[{"embeddable":true,"href":"https:\/\/psplawyers.es\/fr\/wp-json\/wp\/v2\/users\/1"}],"replies":[{"embeddable":true,"href":"https:\/\/psplawyers.es\/fr\/wp-json\/wp\/v2\/comments?post=1054"}],"version-history":[{"count":1,"href":"https:\/\/psplawyers.es\/fr\/wp-json\/wp\/v2\/pages\/1054\/revisions"}],"predecessor-version":[{"id":1354,"href":"https:\/\/psplawyers.es\/fr\/wp-json\/wp\/v2\/pages\/1054\/revisions\/1354"}],"wp:attachment":[{"href":"https:\/\/psplawyers.es\/fr\/wp-json\/wp\/v2\/media?parent=1054"}],"curies":[{"name":"wp","href":"https:\/\/api.w.org\/{rel}","templated":true}]}}