{"id":1066,"date":"2017-06-20T16:29:29","date_gmt":"2017-06-20T16:29:29","guid":{"rendered":"https:\/\/psplawyers.es\/form210\/"},"modified":"2026-04-29T07:53:48","modified_gmt":"2026-04-29T07:53:48","slug":"form210","status":"publish","type":"page","link":"https:\/\/psplawyers.es\/fr\/form210\/","title":{"rendered":"form210"},"content":{"rendered":"<div class=\"et_pb_section_0 et_pb_section et_pb_fullwidth_section et_section_regular et_block_section\"><section class=\"et_pb_fullwidth_header_0 et_pb_fullwidth_header et_pb_bg_layout_dark et_pb_text_align_left et_pb_module et_flex_module\"><div class=\"et_pb_fullwidth_header_container left\"><div class=\"header-content-container center\"><div class=\"header-content et_flex_module\"><h1 class=\"et_pb_module_header\">FORMULAIRE 210<\/h1><div class=\"et_pb_header_button_wrapper\"><\/div><\/div><\/div><\/div><div class=\"et_pb_fullwidth_header_overlay\"><\/div><div class=\"et_pb_fullwidth_header_scroll\"><\/div><\/section><\/div><div class=\"et_pb_section_1 et_pb_section et_section_regular et_block_section\"><div class=\"et_pb_row_0 et_pb_row et_block_row\"><div class=\"et_pb_column_0 et_pb_column et_pb_column_4_4 et-last-child et_block_column et_pb_css_mix_blend_mode_passthrough\"><div class=\"et_pb_text_0 et_pb_text et_pb_bg_layout_light et_pb_module et_block_module et_pb_text_align_left\"><div class=\"et_pb_text_inner\"><h1>Renseignements necessaires pour remplir le formulaire 210<\/h1>\n<h3>Remplissez les cases ci-apr\u00e8s et permettez nous de travailler pour vous<\/h3>\n<p>Si vous avez des questions pour remplir le formulaire, n\u2019h\u00e9sitez pas \u00e0 nous contacter : +34 951 466 306 ou mail : info@psplawyers.es<\/p>\n<\/div><\/div><div class=\"et_pb_code_0 et_pb_code et_pb_module\"><div class=\"et_pb_code_inner\">\n<div class=\"wpcf7 no-js\" id=\"wpcf7-f438-o1\" lang=\"es-ES\" dir=\"ltr\" data-wpcf7-id=\"438\">\n<div class=\"screen-reader-response\"><p role=\"status\" aria-live=\"polite\" aria-atomic=\"true\"><\/p> <ul><\/ul><\/div>\n<form action=\"\/fr\/wp-json\/wp\/v2\/pages\/1066#wpcf7-f438-o1\" method=\"post\" class=\"wpcf7-form init\" aria-label=\"Formulario de contacto\" enctype=\"multipart\/form-data\" novalidate=\"novalidate\" data-status=\"init\">\n<fieldset class=\"hidden-fields-container\"><input type=\"hidden\" name=\"_wpcf7\" value=\"438\" \/><input type=\"hidden\" name=\"_wpcf7_version\" value=\"6.1.5\" \/><input type=\"hidden\" name=\"_wpcf7_locale\" value=\"es_ES\" \/><input type=\"hidden\" name=\"_wpcf7_unit_tag\" value=\"wpcf7-f438-o1\" \/><input type=\"hidden\" name=\"_wpcf7_container_post\" value=\"0\" \/><input type=\"hidden\" name=\"_wpcf7_posted_data_hash\" value=\"\" \/>\n<\/fieldset>\n<div class=\"et_pb_contact\">\n\t<div class=\"et_pb_contact_form clearfix\">\n\t\t<p class=\"et_pb_contact_field et_pb_contact_field_2 et_pb_contact_field_last\">\n\t\t<\/p>\n\t\t<h3>Donnees du Proprietaire\n\t\t<\/h3>\n\t\t<p class=\"et_pb_contact_field et_pb_contact_field_0 et_pb_contact_field_half\">Nom et pr\u00e9nom <span class=\"wpcf7-form-control-wrap\" data-name=\"nombre\"><input size=\"40\" maxlength=\"400\" class=\"wpcf7-form-control wpcf7-text wpcf7-validates-as-required\" aria-required=\"true\" aria-invalid=\"false\" value=\"\" type=\"text\" name=\"nombre\" \/><\/span>\n\t\t<\/p>\n\t\t<p class=\"et_pb_contact_field et_pb_contact_field_1 et_pb_contact_field_half et_pb_contact_field_last\">Num\u00e9ro de passeport <span class=\"wpcf7-form-control-wrap\" data-name=\"passeport\"><input class=\"wpcf7-form-control wpcf7-number wpcf7-validates-as-required wpcf7-validates-as-number\" aria-required=\"true\" aria-invalid=\"false\" value=\"\" type=\"number\" name=\"passeport\" \/><\/span>\n\t\t<\/p>\n\t\t<p class=\"et_pb_contact_field et_pb_contact_field_2 et_pb_contact_field_half\">Num\u00e9ro de NIE<span class=\"wpcf7-form-control-wrap\" data-name=\"NIE\"><input size=\"40\" maxlength=\"400\" class=\"wpcf7-form-control wpcf7-text wpcf7-validates-as-required\" aria-required=\"true\" aria-invalid=\"false\" value=\"\" type=\"text\" name=\"NIE\" \/><\/span>\n\t\t<\/p>\n\t\t<p class=\"et_pb_contact_field et_pb_contact_field_1 et_pb_contact_field_half et_pb_contact_field_last\">Adresse domicilie<span class=\"wpcf7-form-control-wrap\" data-name=\"Adresse-domicilie\"><input size=\"40\" maxlength=\"400\" class=\"wpcf7-form-control wpcf7-text wpcf7-validates-as-required\" aria-required=\"true\" aria-invalid=\"false\" value=\"\" type=\"text\" name=\"Adresse-domicilie\" \/><\/span>\n\t\t<\/p>\n\t\t<p class=\"et_pb_contact_field et_pb_contact_field_2 et_pb_contact_field_half\"> Lieu de naissance <span class=\"wpcf7-form-control-wrap\" data-name=\"Lieu-naissance\"><input size=\"40\" maxlength=\"400\" class=\"wpcf7-form-control wpcf7-text wpcf7-validates-as-required\" aria-required=\"true\" aria-invalid=\"false\" value=\"\" type=\"text\" name=\"Lieu-naissance\" \/><\/span>\n\t\t<\/p>\n\t\t<p class=\"et_pb_contact_field et_pb_contact_field_1 et_pb_contact_field_half et_pb_contact_field_last\">Date de naissance <span class=\"wpcf7-form-control-wrap\" data-name=\"date-naissance\"><input class=\"wpcf7-form-control wpcf7-date wpcf7-validates-as-required wpcf7-validates-as-date\" aria-required=\"true\" aria-invalid=\"false\" value=\"\" type=\"date\" name=\"date-naissance\" \/><\/span>\n\t\t<\/p>\n\t\t<p class=\"et_pb_contact_field et_pb_contact_field_2 et_pb_contact_field_half\">Etat civil<span class=\"wpcf7-form-control-wrap\" data-name=\"Etat-civil\"><input size=\"40\" maxlength=\"400\" class=\"wpcf7-form-control wpcf7-text wpcf7-validates-as-required\" aria-required=\"true\" aria-invalid=\"false\" value=\"\" type=\"text\" name=\"Etat-civil\" \/><\/span>\n\t\t<\/p>\n\t\t<p class=\"et_pb_contact_field et_pb_contact_field_1 et_pb_contact_field_half et_pb_contact_field_last\">Noum du conjoint <span class=\"wpcf7-form-control-wrap\" data-name=\"Noum-conjoint\"><input size=\"40\" maxlength=\"400\" class=\"wpcf7-form-control wpcf7-text wpcf7-validates-as-required\" aria-required=\"true\" aria-invalid=\"false\" value=\"\" type=\"text\" name=\"Noum-conjoint\" \/><\/span>\n\t\t<\/p>\n\t\t<p class=\"et_pb_contact_field et_pb_contact_field_2 et_pb_contact_field_half\">Email<span class=\"wpcf7-form-control-wrap\" data-name=\"email-453\"><input size=\"40\" maxlength=\"400\" class=\"wpcf7-form-control wpcf7-email wpcf7-validates-as-required wpcf7-text wpcf7-validates-as-email\" aria-required=\"true\" aria-invalid=\"false\" value=\"\" type=\"email\" name=\"email-453\" \/><\/span>\n\t\t<\/p>\n\t\t<p class=\"et_pb_contact_field et_pb_contact_field_1 et_pb_contact_field_half et_pb_contact_field_last\">Num\u00e9ro de t\u00e9l\u00e9phone<span class=\"wpcf7-form-control-wrap\" data-name=\"tel-274\"><input size=\"40\" maxlength=\"400\" class=\"wpcf7-form-control wpcf7-tel wpcf7-validates-as-required wpcf7-text wpcf7-validates-as-tel\" aria-required=\"true\" aria-invalid=\"false\" value=\"\" type=\"tel\" name=\"tel-274\" \/><\/span>\n\t\t<\/p>\n\t\t<h3>Donnees de la propriete en Espagne\n\t\t<\/h3>\n\t\t<p class=\"et_pb_contact_field et_pb_contact_field_2 et_pb_contact_field_half\">Adresse<span class=\"wpcf7-form-control-wrap\" data-name=\"text-740\"><input size=\"40\" maxlength=\"400\" class=\"wpcf7-form-control wpcf7-text wpcf7-validates-as-required\" aria-required=\"true\" aria-invalid=\"false\" value=\"\" type=\"text\" name=\"text-740\" \/><\/span>\n\t\t<\/p>\n\t\t<p class=\"et_pb_contact_field et_pb_contact_field_1 et_pb_contact_field_half et_pb_contact_field_last\">Municipalit\u00e9<span class=\"wpcf7-form-control-wrap\" data-name=\"municipio\"><input size=\"40\" maxlength=\"400\" class=\"wpcf7-form-control wpcf7-text wpcf7-validates-as-required\" aria-required=\"true\" aria-invalid=\"false\" value=\"\" type=\"text\" name=\"municipio\" \/><\/span>\n\t\t<\/p>\n\t\t<p class=\"et_pb_contact_field et_pb_contact_field_2 et_pb_contact_field_half\">Code postal<span class=\"wpcf7-form-control-wrap\" data-name=\"code-postal\"><input class=\"wpcf7-form-control wpcf7-number wpcf7-validates-as-number\" aria-invalid=\"false\" value=\"\" type=\"number\" name=\"code-postal\" \/><\/span>\n\t\t<\/p>\n\t\t<p class=\"et_pb_contact_field et_pb_contact_field_1 et_pb_contact_field_half et_pb_contact_field_last\">Date d\u2019achat<span class=\"wpcf7-form-control-wrap\" data-name=\"date-achat\"><input class=\"wpcf7-form-control wpcf7-date wpcf7-validates-as-date\" aria-invalid=\"false\" value=\"\" type=\"date\" name=\"date-achat\" \/><\/span>\n\t\t<\/p>\n\t\t<p class=\"et_pb_contact_field et_pb_contact_field_2 et_pb_contact_field_half\">R\u00e9f\u00e9rence cadastral<span class=\"wpcf7-form-control-wrap\" data-name=\"reference-cadastral\"><input size=\"40\" maxlength=\"400\" class=\"wpcf7-form-control wpcf7-text wpcf7-validates-as-required\" aria-required=\"true\" aria-invalid=\"false\" value=\"\" type=\"text\" name=\"reference-cadastral\" \/><\/span>\n\t\t<\/p>\n\t\t<p class=\"et_pb_contact_field et_pb_contact_field_1 et_pb_contact_field_half et_pb_contact_field_last\">Value cadastral totale<span class=\"wpcf7-form-control-wrap\" data-name=\"Value-totale\"><input size=\"40\" maxlength=\"400\" class=\"wpcf7-form-control wpcf7-text wpcf7-validates-as-required\" aria-required=\"true\" aria-invalid=\"false\" value=\"\" type=\"text\" name=\"Value-totale\" \/><\/span>\n\t\t<\/p>\n\t\t<p class=\"et_pb_contact_field et_pb_contact_field_2 et_pb_contact_field_half\">Ann\u00e9e d\u2019imposition<span class=\"wpcf7-form-control-wrap\" data-name=\"anee-imposition\"><input class=\"wpcf7-form-control wpcf7-date wpcf7-validates-as-date\" aria-invalid=\"false\" value=\"\" type=\"date\" name=\"anee-imposition\" \/><\/span>\n\t\t<\/p>\n\t\t<p class=\"et_pb_contact_field et_pb_contact_field_1 et_pb_contact_field_half et_pb_contact_field_last\">Le bien est-il lou\u00e9 ?:<br \/>\n<span class=\"wpcf7-form-control-wrap\" data-name=\"est-il\"><span class=\"wpcf7-form-control wpcf7-checkbox wpcf7-exclusive-checkbox\"><span class=\"wpcf7-list-item first\"><input type=\"checkbox\" name=\"est-il\" value=\"Oui\" \/><span class=\"wpcf7-list-item-label\">Oui<\/span><\/span><span class=\"wpcf7-list-item last\"><input type=\"checkbox\" name=\"est-il\" value=\"Non\" \/><span class=\"wpcf7-list-item-label\">Non<\/span><\/span><\/span><\/span>\n\t\t<\/p>\n\t\t<p class=\"et_pb_contact_field et_pb_contact_field_2 et_pb_contact_field_last\">\n\t\t<\/p>\n\t\t<h3>Mode paiement de l\u2019imp\u00f4t\n\t\t<\/h3>\n\t\t<p class=\"et_pb_contact_field et_pb_contact_field_1 et_pb_contact_field_half et_pb_contact_field_last\"><span class=\"wpcf7-form-control-wrap\" data-name=\"paiement\"><span class=\"wpcf7-form-control wpcf7-checkbox wpcf7-validates-as-required\"><span class=\"wpcf7-list-item first last\"><input type=\"checkbox\" name=\"paiement[]\" value=\"Je me charge du paiement\" \/><span class=\"wpcf7-list-item-label\">Je me charge du paiement<\/span><\/span><\/span><\/span>\n\t\t<\/p>\n\t\t<p class=\"et_pb_contact_field et_pb_contact_field_2 et_pb_contact_field_last\">Comment souhaitez-vous recevoir les documents ? <span class=\"wpcf7-form-control-wrap\" data-name=\"documents\"><span class=\"wpcf7-form-control wpcf7-checkbox wpcf7-exclusive-checkbox\"><span class=\"wpcf7-list-item first\"><input type=\"checkbox\" name=\"documents\" value=\"Par courrier posta\" \/><span class=\"wpcf7-list-item-label\">Par courrier posta<\/span><\/span><span class=\"wpcf7-list-item last\"><input type=\"checkbox\" name=\"documents\" value=\"Par email\" \/><span class=\"wpcf7-list-item-label\">Par email<\/span><\/span><\/span><\/span>\n\t\t<\/p>\n\t\t<p class=\"et_pb_contact_field et_pb_contact_field_1 et_pb_contact_field_half et_pb_contact_field_last\"><span class=\"wpcf7-form-control-wrap\" data-name=\"souhaite\"><span class=\"wpcf7-form-control wpcf7-checkbox wpcf7-validates-as-required\"><span class=\"wpcf7-list-item first last\"><input type=\"checkbox\" name=\"souhaite[]\" value=\"Je souhaite que vous payiez les taxes pour mon compte\" \/><span class=\"wpcf7-list-item-label\">Je souhaite que vous payiez les taxes pour mon compte<\/span><\/span><\/span><\/span>\n\t\t<\/p>\n\t\t<p class=\"et_pb_contact_field et_pb_contact_field_0 et_pb_contact_field_half\">Entit\u00e9 bancaire<span class=\"wpcf7-form-control-wrap\" data-name=\"Entite-bancaire\"><input size=\"40\" maxlength=\"400\" class=\"wpcf7-form-control wpcf7-text wpcf7-validates-as-required\" aria-required=\"true\" aria-invalid=\"false\" value=\"\" type=\"text\" name=\"Entite-bancaire\" \/><\/span>\n\t\t<\/p>\n\t\t<p class=\"et_pb_contact_field et_pb_contact_field_0 et_pb_contact_field_half\">Adresse de la banque<span class=\"wpcf7-form-control-wrap\" data-name=\"Adresse-bancaire\"><input size=\"40\" maxlength=\"400\" class=\"wpcf7-form-control wpcf7-text wpcf7-validates-as-required\" aria-required=\"true\" aria-invalid=\"false\" value=\"\" type=\"text\" name=\"Adresse-bancaire\" \/><\/span>\n\t\t<\/p>\n\t\t<p class=\"et_pb_contact_field et_pb_contact_field_0 et_pb_contact_field_half\">N\u00ba de compte\/IBAN<span class=\"wpcf7-form-control-wrap\" data-name=\"compte-IBAN\"><input size=\"40\" maxlength=\"400\" class=\"wpcf7-form-control wpcf7-text wpcf7-validates-as-required\" aria-required=\"true\" aria-invalid=\"false\" value=\"\" type=\"text\" name=\"compte-IBAN\" \/><\/span>\n\t\t<\/p>\n\t\t<p class=\"et_pb_contact_field et_pb_contact_field_0 et_pb_contact_field_half\"><strong>Autorisation d\u2019effectuer le paiement pour votre compte (*)<\/strong>\n\t\t<\/p>\n\t\t<p class=\"et_pb_contact_field et_pb_contact_field_2 et_pb_contact_field_last\"><span class=\"wpcf7-form-control-wrap\" data-name=\"autorise\"><span class=\"wpcf7-form-control wpcf7-checkbox wpcf7-validates-as-required\"><span class=\"wpcf7-list-item first last\"><input type=\"checkbox\" name=\"autorise[]\" value=\"J\u2019autorise le d\u00e9bit de mon compte ci-dessus, du montant r\u00e9sultant du paiement de l\u2019imp\u00f4t Mod 210.\" \/><span class=\"wpcf7-list-item-label\">J\u2019autorise le d\u00e9bit de mon compte ci-dessus, du montant r\u00e9sultant du paiement de l\u2019imp\u00f4t Mod 210.<\/span><\/span><\/span><\/span>\n\t\t<\/p>\n\t\t<p class=\"et_pb_contact_field et_pb_contact_field_2 et_pb_contact_field_last\">\n\t\t<\/p>\n\t\t<h3>Pieces jointes\n\t\t<\/h3>\n\t\t<p class=\"et_pb_contact_field et_pb_contact_field_2 et_pb_contact_field_last\"><strong>Documents \u00e0 joindre : (pour chacun des propri\u00e9taires) \u2013 (*) obligatoire \u2013 (**) Optionnel<\/strong>\n\t\t<\/p>\n\t\t<p class=\"et_pb_contact_field et_pb_contact_field_0 et_pb_contact_field_half\">Copie passeport\/NIE (*)<span class=\"wpcf7-form-control-wrap\" data-name=\"passeport-NIE\"><input size=\"40\" class=\"wpcf7-form-control wpcf7-file wpcf7-validates-as-required\" accept=\".jpg,.png,.pdf\" aria-required=\"true\" aria-invalid=\"false\" type=\"file\" name=\"passeport-NIE\" \/><\/span>\n\t\t<\/p>\n\t\t<p class=\"et_pb_contact_field et_pb_contact_field_1 et_pb_contact_field_half et_pb_contact_field_last\">Copie dernier re\u00e7u IBI (*)<span class=\"wpcf7-form-control-wrap\" data-name=\"IBI\"><input size=\"40\" class=\"wpcf7-form-control wpcf7-file wpcf7-validates-as-required\" accept=\".jpg,.png,.pdf\" aria-required=\"true\" aria-invalid=\"false\" type=\"file\" name=\"IBI\" \/><\/span>\n\t\t<\/p>\n\t\t<p class=\"et_pb_contact_field et_pb_contact_field_0 et_pb_contact_field_half\">Copie \u00ab Nota Simple \u00bb (*)<span class=\"wpcf7-form-control-wrap\" data-name=\"Nota-Simple\"><input size=\"40\" class=\"wpcf7-form-control wpcf7-file wpcf7-validates-as-required\" accept=\".jpg,.png,.pdf\" aria-required=\"true\" aria-invalid=\"false\" type=\"file\" name=\"Nota-Simple\" \/><\/span>\n\t\t<\/p>\n\t\t<p class=\"et_pb_contact_field et_pb_contact_field_1 et_pb_contact_field_half et_pb_contact_field_last\">Copie acte d\u2019achat (**)<span class=\"wpcf7-form-control-wrap\" data-name=\"acte\"><input size=\"40\" class=\"wpcf7-form-control wpcf7-file\" accept=\".jpg,.png,.pdf\" aria-invalid=\"false\" type=\"file\" name=\"acte\" \/><\/span>\n\t\t<\/p>\n\t\t<p class=\"et_pb_contact_field et_pb_contact_field_0 et_pb_contact_field_half\">Copie du dernier MOD 210 pr\u00e9sent\u00e9 (*)<span class=\"wpcf7-form-control-wrap\" data-name=\"MOD-210\"><input size=\"40\" class=\"wpcf7-form-control wpcf7-file wpcf7-validates-as-required\" accept=\".jpg,.png,.pdf\" aria-required=\"true\" aria-invalid=\"false\" type=\"file\" name=\"MOD-210\" \/><\/span>\n\t\t<\/p>\n\t\t<p class=\"et_pb_contact_field et_pb_contact_field_2 et_pb_contact_field_last\"><span class=\"wpcf7-form-control-wrap\" data-name=\"your-message\"><textarea cols=\"40\" rows=\"10\" maxlength=\"2000\" class=\"wpcf7-form-control wpcf7-textarea wpcf7-validates-as-required\" aria-required=\"true\" aria-invalid=\"false\" placeholder=\"COMMENTAIRES\/INSTRUCTIONS\" name=\"your-message\"><\/textarea><\/span>\n\t\t<\/p>\n\t<\/div>\n<\/div>\n<div class=\"et_contact_bottom_container\">\n\t<p><input class=\"wpcf7-form-control wpcf7-submit has-spinner et_pb_contact_submit et_pb_button\" type=\"submit\" value=\"Envoyer\" \/>\n\t<\/p>\n<\/div><div class=\"wpcf7-response-output\" aria-hidden=\"true\"><\/div>\n<\/form>\n<\/div>\n<\/div><\/div><\/div><\/div><\/div><div class=\"et_pb_section_2 et_pb_section et_pb_fullwidth_section et_section_regular et_block_section\"><section class=\"et_pb_fullwidth_header_1 et_pb_fullwidth_header et_pb_bg_layout_dark et_pb_text_align_center et_pb_module et_flex_module\"><div class=\"et_pb_fullwidth_header_container center\"><div class=\"header-content-container center\"><div class=\"header-content et_flex_module\"><h1 class=\"et_pb_module_header\">Si vous avez des questions, contactez-nous<\/h1><span class=\"et_pb_fullwidth_header_subhead\">Si vous avez des doutes concernant nos prestations o\u00f9 votre cas pr\u00e9cis, n\u2019h\u00e9sitez pas \u00e0 nous contacter, nous nous ferons un plaisir de r\u00e9pondre \u00e0 vos questions<\/span><div class=\"et_pb_header_button_wrapper\"><a class=\"et_pb_button et_pb_more_button et_pb_button_one\" href=\"https:\/\/psplawyers.es\/fr\/contacto\/\">CONTACTEZ-NOUS<\/a><\/div><\/div><\/div><\/div><div class=\"et_pb_fullwidth_header_overlay\"><\/div><div class=\"et_pb_fullwidth_header_scroll\"><\/div><\/section><\/div>","protected":false},"excerpt":{"rendered":"","protected":false},"author":1,"featured_media":0,"parent":0,"menu_order":0,"comment_status":"closed","ping_status":"closed","template":"","meta":{"footnotes":""},"class_list":["post-1066","page","type-page","status-publish","hentry"],"aioseo_notices":[],"_links":{"self":[{"href":"https:\/\/psplawyers.es\/fr\/wp-json\/wp\/v2\/pages\/1066","targetHints":{"allow":["GET"]}}],"collection":[{"href":"https:\/\/psplawyers.es\/fr\/wp-json\/wp\/v2\/pages"}],"about":[{"href":"https:\/\/psplawyers.es\/fr\/wp-json\/wp\/v2\/types\/page"}],"author":[{"embeddable":true,"href":"https:\/\/psplawyers.es\/fr\/wp-json\/wp\/v2\/users\/1"}],"replies":[{"embeddable":true,"href":"https:\/\/psplawyers.es\/fr\/wp-json\/wp\/v2\/comments?post=1066"}],"version-history":[{"count":1,"href":"https:\/\/psplawyers.es\/fr\/wp-json\/wp\/v2\/pages\/1066\/revisions"}],"predecessor-version":[{"id":1366,"href":"https:\/\/psplawyers.es\/fr\/wp-json\/wp\/v2\/pages\/1066\/revisions\/1366"}],"wp:attachment":[{"href":"https:\/\/psplawyers.es\/fr\/wp-json\/wp\/v2\/media?parent=1066"}],"curies":[{"name":"wp","href":"https:\/\/api.w.org\/{rel}","templated":true}]}}