{"id":1069,"date":"2017-06-21T17:38:04","date_gmt":"2017-06-21T17:38:04","guid":{"rendered":"https:\/\/psplawyers.es\/conseil-juridique-financier-placements-marbella\/"},"modified":"2026-04-29T07:53:51","modified_gmt":"2026-04-29T07:53:51","slug":"conseil-juridique-financier-placements-marbella","status":"publish","type":"page","link":"https:\/\/psplawyers.es\/fr\/conseil-juridique-financier-placements-marbella\/","title":{"rendered":"Conseil Juridique Financier Placements Marbella"},"content":{"rendered":"<div class=\"et_pb_section_0 et_pb_section et_pb_fullwidth_section et_section_regular et_block_section\"><section class=\"et_pb_fullwidth_header_0 et_pb_fullwidth_header et_pb_bg_layout_dark et_pb_text_align_left et_pb_module et_flex_module\"><div class=\"et_pb_fullwidth_header_container left\"><div class=\"header-content-container center\"><div class=\"header-content et_flex_module\"><h1 class=\"et_pb_module_header\">Conseils juridiques investissements financiers pour les investissements \u00e0 Marbella<\/h1><div class=\"et_pb_header_button_wrapper\"><\/div><\/div><\/div><\/div><div class=\"et_pb_fullwidth_header_overlay\"><\/div><div class=\"et_pb_fullwidth_header_scroll\"><\/div><\/section><\/div><div class=\"et_pb_section_1 et_pb_section et_section_regular et_block_section\"><div class=\"et_pb_row_0 et_pb_row et_block_row\"><div class=\"et_pb_column_0 et_pb_column et_pb_column_4_4 et-last-child et_block_column et_pb_css_mix_blend_mode_passthrough\"><div class=\"et_pb_text_0 et_pb_text et_pb_bg_layout_light et_pb_module et_block_module et_pb_text_align_justified\"><div class=\"et_pb_text_inner\"><p>Notre cabinet dispose d'une \u00e9quipe hautement qualifi\u00e9e qui mettra \u00e0 votre service, autant son exp\u00e9rience que ses connaissances dans un sujet qui puise dans diff\u00e9rents domaines du droit et qui n\u00e9cessite de vrais sp\u00e9cialistes.<\/p>\n<p>Un conseil rigoureux, agile et efficace qui vous permettra de faire un investissement s\u00fbr \u00e0 Marbella. Dans notre compagnie, vous avez l\u2019avantage d'avoir \u00e0 votre disposition une \u00e9quipe de professionnels qui connaissent en profondeur les lois et r\u00e8glements des diff\u00e9rentes administrations espagnoles.<\/p>\n<\/div><\/div><div class=\"et_pb_text_1 et_pb_text et_pb_bg_layout_light et_pb_module et_block_module\"><div class=\"et_pb_text_inner\"><blockquote>\n<h3 style=\"text-align: center;\">PSP Lawyers est une enseigne sp\u00e9cialis\u00e9e dans le conseil juridique<br \/>\net financier pour les investissements \u00e0 Marbella.<\/h3>\n<\/blockquote>\n<\/div><\/div><div class=\"et_pb_image_0 et_pb_image et_pb_module et_block_module\"><span class=\"et_pb_image_wrap\"><img loading=\"lazy\" decoding=\"async\" src=\"https:\/\/psplawyers.es\/wp-content\/uploads\/2017\/06\/real-estate-lawyers-marbella.jpg\" width=\"800\" height=\"531\" srcset=\"https:\/\/psplawyers.es\/wp-content\/uploads\/2017\/06\/real-estate-lawyers-marbella.jpg 800w, https:\/\/psplawyers.es\/wp-content\/uploads\/2017\/06\/real-estate-lawyers-marbella-300x199.jpg 300w, https:\/\/psplawyers.es\/wp-content\/uploads\/2017\/06\/real-estate-lawyers-marbella-768x510.jpg 768w\" sizes=\"(max-width: 800px) 100vw, 800px\" class=\"wp-image-453\" \/><\/span><\/div><div class=\"et_pb_text_2 et_pb_text et_pb_bg_layout_light et_pb_module et_block_module\"><div class=\"et_pb_text_inner\"><blockquote>\n<h3 style=\"text-align: center;\">Si vous voulez investir autant \u00e0 titre particulier qu\u2019en tant que soci\u00e9t\u00e9,<br \/>\ncontactez notre cabinet. Vous ferez en investissement s\u00fbr. Nous nous occupons de tout<\/h3>\n<\/blockquote>\n<\/div><\/div><div class=\"et_pb_text_3 et_pb_text et_pb_bg_layout_light et_pb_module et_block_module et_pb_text_align_justified\"><div class=\"et_pb_text_inner\"><p>Notre cabinet dispose d'une \u00e9quipe de professionnels qui proviennent de diff\u00e9rents domaines d'activit\u00e9. La coop\u00e9ration et le travail coordonn\u00e9 r\u00e9sultent en un travail impeccable qui garantit \u00e0 ses clients des conseils juridiques et financiers optimum, pour les investissements \u00e0 Marbella.<\/p>\n<\/div><\/div><div class=\"et_pb_text_4 et_pb_text et_pb_bg_layout_light et_pb_module et_block_module\"><div class=\"et_pb_text_inner\"><h3 style=\"text-align: center;\">If you want to buy a property in Marbella and you need legal advice<br \/>\non the matter, don\u00b4t hesitate and contact us.<\/h3>\n<\/div><\/div><div class=\"et_pb_text_5 et_pb_text et_pb_bg_layout_light et_pb_module et_block_module et_pb_text_align_justified\"><div class=\"et_pb_text_inner\"><p>Nous garantissons une transaction rapide et s\u00fbre et offrons un conseil juridique et financier pour les investissements \u00e0 Marbella tels que ceux d\u00e9taill\u00e9s ci-apr\u00e8s :<\/p>\n<ul>\n<li>Conseils g\u00e9n\u00e9raux pour les entreprises et les particuliers<\/li>\n<li>Repr\u00e9sentation l\u00e9gale dans l'achat de biens immobiliers \u00e0 Marbella<\/li>\n<li>Hypoth\u00e8ques<\/li>\n<li>Proc\u00e9dures de notaire \/ Licences \/ contrats Urbanistiques<\/li>\n<li>N\u00e9gociation avec les banques et les compagnies d\u2019assurance<\/li>\n<li>D\u00e9marches au registre foncier, commercial<\/li>\n<li>R\u00e9clamations pour tous types de d\u00e9fauts de construction<\/li>\n<li>Contrats de location<\/li>\n<\/ul>\n<\/div><\/div><div class=\"et_pb_text_6 et_pb_text et_pb_bg_layout_light et_pb_module et_block_module\"><div class=\"et_pb_text_inner\"><blockquote>\n<h2 style=\"text-align: center;\">PSP Lawyers: Nous aidons nos clients \u00e0 r\u00e9aliser leur investissement<br \/>\n\u00e0 Marbella avec succ\u00e8s et en toute s\u00e9curit\u00e9.<\/h2>\n<\/blockquote>\n<\/div><\/div><\/div><\/div><\/div><div class=\"et_pb_section_2 et_pb_section et_pb_fullwidth_section et_section_regular et_block_section\"><section class=\"et_pb_fullwidth_header_1 et_pb_fullwidth_header et_pb_bg_layout_dark et_pb_text_align_center et_pb_module et_flex_module\"><div class=\"et_pb_fullwidth_header_container center\"><div class=\"header-content-container center\"><div class=\"header-content et_flex_module\"><h1 class=\"et_pb_module_header\">Besoin d'un cabinet d'avocats experts dans le conseil juridique financier pour l'investissement \u00e0 Marbella? PSP Lawyers est votre meilleur choix.<\/h1><span class=\"et_pb_fullwidth_header_subhead\">Contactez-nous<\/span><div class=\"et_pb_header_content_wrapper\"><h2 style=\"text-align: center;\">951466306<\/h2>\n<\/div><div class=\"et_pb_header_button_wrapper\"><a class=\"et_pb_button et_pb_more_button et_pb_button_one\" href=\"https:\/\/psplawyers.es\/fr\/contacto\/\">CONTACTEZ-NOUS<\/a><\/div><\/div><\/div><\/div><div class=\"et_pb_fullwidth_header_overlay\"><\/div><div class=\"et_pb_fullwidth_header_scroll\"><\/div><\/section><\/div>","protected":false},"excerpt":{"rendered":"","protected":false},"author":1,"featured_media":0,"parent":0,"menu_order":0,"comment_status":"closed","ping_status":"closed","template":"","meta":{"footnotes":""},"class_list":["post-1069","page","type-page","status-publish","hentry"],"aioseo_notices":[],"_links":{"self":[{"href":"https:\/\/psplawyers.es\/fr\/wp-json\/wp\/v2\/pages\/1069","targetHints":{"allow":["GET"]}}],"collection":[{"href":"https:\/\/psplawyers.es\/fr\/wp-json\/wp\/v2\/pages"}],"about":[{"href":"https:\/\/psplawyers.es\/fr\/wp-json\/wp\/v2\/types\/page"}],"author":[{"embeddable":true,"href":"https:\/\/psplawyers.es\/fr\/wp-json\/wp\/v2\/users\/1"}],"replies":[{"embeddable":true,"href":"https:\/\/psplawyers.es\/fr\/wp-json\/wp\/v2\/comments?post=1069"}],"version-history":[{"count":2,"href":"https:\/\/psplawyers.es\/fr\/wp-json\/wp\/v2\/pages\/1069\/revisions"}],"predecessor-version":[{"id":1369,"href":"https:\/\/psplawyers.es\/fr\/wp-json\/wp\/v2\/pages\/1069\/revisions\/1369"}],"wp:attachment":[{"href":"https:\/\/psplawyers.es\/fr\/wp-json\/wp\/v2\/media?parent=1069"}],"curies":[{"name":"wp","href":"https:\/\/api.w.org\/{rel}","templated":true}]}}