{"id":1086,"date":"2017-11-17T10:24:09","date_gmt":"2017-11-17T10:24:09","guid":{"rendered":"https:\/\/psplawyers.es\/avocats-testamentaires-marbella-costa-del-sol\/"},"modified":"2026-04-29T07:54:15","modified_gmt":"2026-04-29T07:54:15","slug":"avocats-testamentaires-marbella-costa-del-sol","status":"publish","type":"page","link":"https:\/\/psplawyers.es\/fr\/avocats-testamentaires-marbella-costa-del-sol\/","title":{"rendered":"Avocats testamentaires Marbella Costa del Sol"},"content":{"rendered":"<div class=\"et_pb_section_0 et_pb_section et_pb_fullwidth_section et_section_regular et_block_section\"><section class=\"et_pb_fullwidth_header_0 et_pb_fullwidth_header et_pb_bg_layout_dark et_pb_text_align_left et_pb_module et_flex_module\"><div class=\"et_pb_fullwidth_header_container left\"><div class=\"header-content-container center\"><div class=\"header-content et_flex_module\"><h1 class=\"et_pb_module_header\">Avocats testamentaires Marbella Costa del Sol<\/h1><div class=\"et_pb_header_button_wrapper\"><\/div><\/div><\/div><\/div><div class=\"et_pb_fullwidth_header_overlay\"><\/div><div class=\"et_pb_fullwidth_header_scroll\"><\/div><\/section><\/div><div class=\"et_pb_section_1 et_pb_section et_section_regular et_block_section\"><div class=\"et_pb_row_0 et_pb_row et_block_row\"><div class=\"et_pb_column_0 et_pb_column et_pb_column_4_4 et-last-child et_block_column et_pb_css_mix_blend_mode_passthrough\"><div class=\"et_pb_text_0 et_pb_text et_pb_bg_layout_light et_pb_module et_block_module et_pb_text_align_justified\"><div class=\"et_pb_text_inner\"><p><strong>PSP Lawyers<\/strong>\u00a0est un cabinet d\u2019avocats experts en testaments \u00e0 Marbella Costa Del Sol, sp\u00e9cialis\u00e9 en droit de succession. Le cabinet dispose de professionnels exp\u00e9riment\u00e9s qui sauront vous conseiller sur tous les doutes concernant la r\u00e9daction de testaments, successions testamentaires, intestat, adjudications, imp\u00f4ts d\u00e9rivant d\u2019h\u00e9ritage, etc.<\/p>\n<p>Nos avocats testamentaires Marbella Costa Del Sol, vous recommandent de consulter un expert lors de la r\u00e9daction de votre testament puisqu\u2019il fournit des instructions pour la disposition des biens du d\u00e9funt, s\u2019assurant celui-ci que sa volont\u00e9 quant \u00e0 la distribution de ses biens est respect\u00e9e et que le futur de sa famille est assur\u00e9.<\/p>\n<p>Nos avocats testamentaires Marbella Costa Del Sol Marbella Costa Del Sol vous\u00a0 guideront \u00e0 travers\u00a0 ce processus complexe, en vous offrant des <strong>conseils professionnels et techniques<\/strong>, pour obtenir votre <strong>enti\u00e8re satisfaction et confiance dans l\u2019accomplissement de votre volont\u00e9<\/strong>.<\/p>\n<\/div><\/div><div class=\"et_pb_text_1 et_pb_text et_pb_bg_layout_light et_pb_module et_block_module\"><div class=\"et_pb_text_inner\"><h3 style=\"text-align: center;\">Le cabinet, \u00e0 travers ses avocats testamentaires Marbella Costa Del Sol, peut vous guider et vous faciliter la documentation en mati\u00e8re de pouvoirs, administration, questions de successions, en travaillant toujours en base aux principes de <strong>stricte confidentialit\u00e9, discr\u00e9tion et loyaut\u00e9 absolue<\/strong>.<\/h3>\n<\/div><\/div><div class=\"et_pb_image_0 et_pb_image et_pb_module et_block_module\"><span class=\"et_pb_image_wrap\"><img loading=\"lazy\" decoding=\"async\" src=\"https:\/\/psplawyers.es\/wp-content\/uploads\/2017\/11\/herencias.jpg\" width=\"800\" height=\"533\" srcset=\"https:\/\/psplawyers.es\/wp-content\/uploads\/2017\/11\/herencias.jpg 800w, https:\/\/psplawyers.es\/wp-content\/uploads\/2017\/11\/herencias-300x200.jpg 300w, https:\/\/psplawyers.es\/wp-content\/uploads\/2017\/11\/herencias-768x512.jpg 768w\" sizes=\"(max-width: 800px) 100vw, 800px\" class=\"wp-image-832\" \/><\/span><\/div><div class=\"et_pb_text_2 et_pb_text et_pb_bg_layout_light et_pb_module et_block_module\"><div class=\"et_pb_text_inner\"><blockquote>\n<h4 style=\"text-align: center;\"><strong>PSP Lawyers:<\/strong> Nos avocats testamentaires Marbella Costa Del Sol sont d\u2019authentiques professionnels au service de vos int\u00e9r\u00eats.<\/h4>\n<\/blockquote>\n<\/div><\/div><div class=\"et_pb_text_3 et_pb_text et_pb_bg_layout_light et_pb_module et_block_module\"><div class=\"et_pb_text_inner\"><p>Nos avocats testamentaires Marbella Costa Del Sol organiseront correctement la destination et la distribution de vos biens en utilisant la m\u00e9thode la plus rentable pour r\u00e9soudre les litiges avec succ\u00e8s, en poursuivant et en d\u00e9fendant les actions devant les tribunaux, si n\u00e9cessaire, dans l\u2019int\u00e9r\u00eat de nos clients.<\/p>\n<p>Nous offrons \u00e0 nos clients un <strong>vaste service de r\u00e8glement des diff\u00e9rends<\/strong>, couvrant les domaines les plus importants de la loi, y <strong>compris conseil en m\u00e9diation et arbitrage<\/strong>, pour atteindre les r\u00e9sultats souhait\u00e9s le plus rapidement possible.<\/p>\n<p>De m\u00eame, nos avocats testamentaires Marbella Costa Del Sol,\u00a0 <strong>utilisent la m\u00e9thode la plus rentable pour r\u00e9soudre les disputes l\u00e9gales<\/strong> <strong>avec succ\u00e8s, poursuivant et d\u00e9fendant les actions devant les tribunaux, en cas de n\u00e9cessit\u00e9, dans l\u2019int\u00e9r\u00eat de nos clients<\/strong>.<\/p>\n<\/div><\/div><div class=\"et_pb_text_4 et_pb_text et_pb_bg_layout_light et_pb_module et_block_module\"><div class=\"et_pb_text_inner\"><h4 style=\"text-align: center;\"><strong>PSP Lawyers\u00a0<\/strong>expertos en Impuestos de Sucesiones,\u00a0Donaciones,\u00a0Transmisiones Patrimoniales,\u00a0Plusval\u00eda municipal, etc.<\/h4>\n<\/div><\/div><\/div><\/div><\/div>","protected":false},"excerpt":{"rendered":"","protected":false},"author":1,"featured_media":0,"parent":0,"menu_order":0,"comment_status":"closed","ping_status":"closed","template":"","meta":{"footnotes":""},"class_list":["post-1086","page","type-page","status-publish","hentry"],"aioseo_notices":[],"_links":{"self":[{"href":"https:\/\/psplawyers.es\/fr\/wp-json\/wp\/v2\/pages\/1086","targetHints":{"allow":["GET"]}}],"collection":[{"href":"https:\/\/psplawyers.es\/fr\/wp-json\/wp\/v2\/pages"}],"about":[{"href":"https:\/\/psplawyers.es\/fr\/wp-json\/wp\/v2\/types\/page"}],"author":[{"embeddable":true,"href":"https:\/\/psplawyers.es\/fr\/wp-json\/wp\/v2\/users\/1"}],"replies":[{"embeddable":true,"href":"https:\/\/psplawyers.es\/fr\/wp-json\/wp\/v2\/comments?post=1086"}],"version-history":[{"count":2,"href":"https:\/\/psplawyers.es\/fr\/wp-json\/wp\/v2\/pages\/1086\/revisions"}],"predecessor-version":[{"id":1387,"href":"https:\/\/psplawyers.es\/fr\/wp-json\/wp\/v2\/pages\/1086\/revisions\/1387"}],"wp:attachment":[{"href":"https:\/\/psplawyers.es\/fr\/wp-json\/wp\/v2\/media?parent=1086"}],"curies":[{"name":"wp","href":"https:\/\/api.w.org\/{rel}","templated":true}]}}