{"id":1089,"date":"2017-11-17T11:10:00","date_gmt":"2017-11-17T11:10:00","guid":{"rendered":"https:\/\/psplawyers.es\/penalistes-a-marbella\/"},"modified":"2020-01-21T18:32:14","modified_gmt":"2020-01-21T18:32:14","slug":"penalistes-a-marbella","status":"publish","type":"page","link":"https:\/\/psplawyers.es\/fr\/penalistes-a-marbella\/","title":{"rendered":"P\u00e9nalistes \u00e0 Marbella"},"content":{"rendered":"<p>[et_pb_section fb_built=\u00a0\u00bb1&Prime; fullwidth=\u00a0\u00bbon\u00a0\u00bb _builder_version=\u00a0\u00bb3.22&Prime; background_image=\u00a0\u00bbhttps:\/\/psplawyers.es\/wp-content\/uploads\/2017\/06\/header.jpg\u00a0\u00bb][et_pb_fullwidth_header title=\u00a0\u00bbP\u00e9nalistes \u00e0 Marbella\u00a0\u00bb background_overlay_color=\u00a0\u00bbrgba(9,122,156,0.48)\u00a0\u00bb title_font_color=\u00a0\u00bb#f5e7bd\u00a0\u00bb _builder_version=\u00a0\u00bb3.16&Prime; title_text_color=\u00a0\u00bb#f5e7bd\u00a0\u00bb background_color=\u00a0\u00bbrgba(255, 255, 255, 0)\u00a0\u00bb background_size=\u00a0\u00bbinitial\u00a0\u00bb background_position=\u00a0\u00bbtop_left\u00a0\u00bb background_repeat=\u00a0\u00bbrepeat\u00a0\u00bb button_one_text_size__hover_enabled=\u00a0\u00bboff\u00a0\u00bb button_two_text_size__hover_enabled=\u00a0\u00bboff\u00a0\u00bb button_one_text_color__hover_enabled=\u00a0\u00bboff\u00a0\u00bb button_two_text_color__hover_enabled=\u00a0\u00bboff\u00a0\u00bb button_one_border_width__hover_enabled=\u00a0\u00bboff\u00a0\u00bb button_two_border_width__hover_enabled=\u00a0\u00bboff\u00a0\u00bb button_one_border_color__hover_enabled=\u00a0\u00bboff\u00a0\u00bb button_two_border_color__hover_enabled=\u00a0\u00bboff\u00a0\u00bb button_one_border_radius__hover_enabled=\u00a0\u00bboff\u00a0\u00bb button_two_border_radius__hover_enabled=\u00a0\u00bboff\u00a0\u00bb button_one_letter_spacing__hover_enabled=\u00a0\u00bboff\u00a0\u00bb button_two_letter_spacing__hover_enabled=\u00a0\u00bboff\u00a0\u00bb button_one_bg_color__hover_enabled=\u00a0\u00bboff\u00a0\u00bb button_two_bg_color__hover_enabled=\u00a0\u00bboff\u00a0\u00bb][\/et_pb_fullwidth_header][\/et_pb_section][et_pb_section fb_built=\u00a0\u00bb1&Prime; _builder_version=\u00a0\u00bb3.22&Prime;][et_pb_row _builder_version=\u00a0\u00bb3.25&Prime; background_size=\u00a0\u00bbinitial\u00a0\u00bb background_position=\u00a0\u00bbtop_left\u00a0\u00bb background_repeat=\u00a0\u00bbrepeat\u00a0\u00bb][et_pb_column type=\u00a0\u00bb4_4&Prime; _builder_version=\u00a0\u00bb3.25&Prime; custom_padding=\u00a0\u00bb|||\u00a0\u00bb custom_padding__hover=\u00a0\u00bb|||\u00a0\u00bb][et_pb_text _builder_version=\u00a0\u00bb3.27.4&Prime; text_orientation=\u00a0\u00bbjustified\u00a0\u00bb module_alignment=\u00a0\u00bbleft\u00a0\u00bb]Nos avocats p\u00e9nalistes de Marbella sont experts dans cette branche de droit qui nessecite une <strong>intervention rapide et efficace<\/strong>.<br \/>\n[\/et_pb_text][et_pb_text _builder_version=\u00a0\u00bb3.27.4&Prime;]<\/p>\n<blockquote>\n<h3 style=\"text-align: center;\">Si vous cherchez un avocat expert p\u00e9naliste \u00e0 Marbella, contactez notre cabinet.<\/h3>\n<\/blockquote>\n<p>[\/et_pb_text][et_pb_text _builder_version=\u00a0\u00bb3.27.4&Prime;]Notre \u00e9quipe de p\u00e9nalistes \u00e0 Marbella peut vous aider dans tous les aspects du droit p\u00e9nal, dans la <strong>d\u00e9fense de vos droits<\/strong> et peut aussi aider les <strong>personnes accus\u00e9es de tous types de d\u00e9lits<\/strong>. Nous repr\u00e9sentons et conseillons nos clients dans beaucoup de types de proc\u00e9dures p\u00e9nales, de d\u00e9lit mineur \u00e0 d\u00e9lit plus grave.<\/p>\n<h3 style=\"text-align: center;\"><strong>PSP Lawyers:<\/strong> Repr\u00e9sentons et conseillons nos clients dans tous types de d\u00e9lits. URGENCES: 692 642 345<\/h3>\n<p>Nos p\u00e9nalistes de Marbella, sont conscients des r\u00e9percussions profondes que la question criminelle qui vous concerne, pourrait avoir dans le d\u00e9veloppement de toute facette de votre vie future, soit-elle familiale, professionnelle, sociale ou \u00e9conomique.<\/p>\n<p>Nos avocats p\u00e9nalistes vous garantissent la meilleure protection de vos droits.<\/p>\n<p>Que vous soyez victime ou accus\u00e9, nos\u00a0 avocats p\u00e9nalistes de Marbella d\u00e9fendront vos droits de mani\u00e8re satisfaisante.<\/p>\n<blockquote>\n<h4 style=\"text-align: center;\"><strong>PSP Lawyers<\/strong>: La solution optimale pour votre situation.<\/h4>\n<\/blockquote>\n<p>Nous pouvons vous repr\u00e9senter et vous d\u00e9fendre dans des cas tels que :<\/p>\n<ul>\n<li>Blanchiment de d\u2019argent<\/li>\n<li>Crimes patrimoniaux<\/li>\n<li>Crimes contre l\u2019honneur<\/li>\n<li>Responsabilit\u00e9 p\u00e9nale<\/li>\n<\/ul>\n<p>[\/et_pb_text][et_pb_image src=\u00a0\u00bbhttps:\/\/psplawyers.es\/wp-content\/uploads\/2017\/11\/abogados-penalistas-marbella.jpg\u00a0\u00bb align=\u00a0\u00bbcenter\u00a0\u00bb align_tablet=\u00a0\u00bbcenter\u00a0\u00bb align_last_edited=\u00a0\u00bbon|desktop\u00a0\u00bb _builder_version=\u00a0\u00bb3.23&Prime; max_width=\u00a0\u00bb50%\u00a0\u00bb module_alignment=\u00a0\u00bbcenter\u00a0\u00bb always_center_on_mobile=\u00a0\u00bbon\u00a0\u00bb][\/et_pb_image][\/et_pb_column][\/et_pb_row][\/et_pb_section][et_pb_section fb_built=\u00a0\u00bb1&Prime; fullwidth=\u00a0\u00bbon\u00a0\u00bb _builder_version=\u00a0\u00bb3.22&Prime; background_image=\u00a0\u00bbhttps:\/\/psplawyers.es\/wp-content\/uploads\/2017\/06\/footer.jpg\u00a0\u00bb][et_pb_fullwidth_header title=\u00a0\u00bbNous vous assistons quand vous en avez besoin. Appelez-nous\u00a0\u00bb subhead=\u00a0\u00bbSi tiene alguna duda respecto a nuestros servicios o su caso concreto, contacte con nosotros y estaremos encantados de ayudarle.\u00a0\u00bb text_orientation=\u00a0\u00bbcenter\u00a0\u00bb button_one_text=\u00a0\u00bbCONTACT\u00a0\u00bb button_one_url=\u00a0\u00bbhttps:\/\/psplawyers.es\/fr\/contacto\/\u00a0\u00bb background_overlay_color=\u00a0\u00bbrgba(0,0,0,0.4)\u00a0\u00bb _builder_version=\u00a0\u00bb3.16&Prime; subhead_font_size=\u00a0\u00bb28px\u00a0\u00bb background_color=\u00a0\u00bbrgba(255, 255, 255, 0)\u00a0\u00bb max_width_tablet=\u00a0\u00bb50px\u00a0\u00bb button_one_text_size__hover_enabled=\u00a0\u00bboff\u00a0\u00bb button_two_text_size__hover_enabled=\u00a0\u00bboff\u00a0\u00bb button_one_text_color__hover_enabled=\u00a0\u00bboff\u00a0\u00bb button_two_text_color__hover_enabled=\u00a0\u00bboff\u00a0\u00bb button_one_border_width__hover_enabled=\u00a0\u00bboff\u00a0\u00bb button_two_border_width__hover_enabled=\u00a0\u00bboff\u00a0\u00bb button_one_border_color__hover_enabled=\u00a0\u00bboff\u00a0\u00bb button_two_border_color__hover_enabled=\u00a0\u00bboff\u00a0\u00bb button_one_border_radius__hover_enabled=\u00a0\u00bboff\u00a0\u00bb button_two_border_radius__hover_enabled=\u00a0\u00bboff\u00a0\u00bb button_one_letter_spacing__hover_enabled=\u00a0\u00bboff\u00a0\u00bb button_two_letter_spacing__hover_enabled=\u00a0\u00bboff\u00a0\u00bb button_one_bg_color__hover_enabled=\u00a0\u00bboff\u00a0\u00bb button_two_bg_color__hover_enabled=\u00a0\u00bboff\u00a0\u00bb][\/et_pb_fullwidth_header][\/et_pb_section]<\/p>\n","protected":false},"excerpt":{"rendered":"<p>Nos avocats p\u00e9nalistes de Marbella sont experts dans cette branche de droit qui nessecite une intervention rapide et efficace. Si vous cherchez un avocat expert p\u00e9naliste \u00e0 Marbella, contactez notre cabinet. Notre \u00e9quipe de p\u00e9nalistes \u00e0 Marbella peut vous aider dans tous les aspects du droit p\u00e9nal, dans la d\u00e9fense de vos droits et peut [&hellip;]<\/p>\n","protected":false},"author":1,"featured_media":0,"parent":0,"menu_order":0,"comment_status":"closed","ping_status":"closed","template":"","meta":{"_et_pb_use_builder":"on","_et_pb_old_content":"","_et_gb_content_width":"","footnotes":""},"class_list":["post-1089","page","type-page","status-publish","hentry"],"aioseo_notices":[],"_links":{"self":[{"href":"https:\/\/psplawyers.es\/fr\/wp-json\/wp\/v2\/pages\/1089","targetHints":{"allow":["GET"]}}],"collection":[{"href":"https:\/\/psplawyers.es\/fr\/wp-json\/wp\/v2\/pages"}],"about":[{"href":"https:\/\/psplawyers.es\/fr\/wp-json\/wp\/v2\/types\/page"}],"author":[{"embeddable":true,"href":"https:\/\/psplawyers.es\/fr\/wp-json\/wp\/v2\/users\/1"}],"replies":[{"embeddable":true,"href":"https:\/\/psplawyers.es\/fr\/wp-json\/wp\/v2\/comments?post=1089"}],"version-history":[{"count":1,"href":"https:\/\/psplawyers.es\/fr\/wp-json\/wp\/v2\/pages\/1089\/revisions"}],"predecessor-version":[{"id":1128,"href":"https:\/\/psplawyers.es\/fr\/wp-json\/wp\/v2\/pages\/1089\/revisions\/1128"}],"wp:attachment":[{"href":"https:\/\/psplawyers.es\/fr\/wp-json\/wp\/v2\/media?parent=1089"}],"curies":[{"name":"wp","href":"https:\/\/api.w.org\/{rel}","templated":true}]}}