{"id":1092,"date":"2017-11-17T13:14:34","date_gmt":"2017-11-17T13:14:34","guid":{"rendered":"https:\/\/psplawyers.es\/avocats-litiges-marbella\/"},"modified":"2026-02-09T13:06:04","modified_gmt":"2026-02-09T13:06:04","slug":"avocats-litiges-marbella","status":"publish","type":"page","link":"https:\/\/psplawyers.es\/fr\/avocats-litiges-marbella\/","title":{"rendered":"Avocats litiges Marbella"},"content":{"rendered":"<p>[et_pb_section fb_built=\u00a0\u00bb1&Prime; fullwidth=\u00a0\u00bbon\u00a0\u00bb _builder_version=\u00a0\u00bb4.16&Prime; background_image=\u00a0\u00bbhttps:\/\/psplawyers.es\/wp-content\/uploads\/2017\/06\/header.jpg\u00a0\u00bb global_colors_info=\u00a0\u00bb{}\u00a0\u00bb][et_pb_fullwidth_header title=\u00a0\u00bbAvocats litiges Marbella\u00a0\u00bb background_overlay_color=\u00a0\u00bbrgba(9,122,156,0.48)\u00a0\u00bb title_font_color=\u00a0\u00bb#f5e7bd\u00a0\u00bb _builder_version=\u00a0\u00bb4.16&Prime; title_text_color=\u00a0\u00bb#f5e7bd\u00a0\u00bb background_color=\u00a0\u00bbrgba(255, 255, 255, 0)\u00a0\u00bb background_size=\u00a0\u00bbinitial\u00a0\u00bb background_position=\u00a0\u00bbtop_left\u00a0\u00bb background_repeat=\u00a0\u00bbrepeat\u00a0\u00bb global_colors_info=\u00a0\u00bb{}\u00a0\u00bb button_one_text_size__hover_enabled=\u00a0\u00bboff\u00a0\u00bb button_two_text_size__hover_enabled=\u00a0\u00bboff\u00a0\u00bb button_one_text_color__hover_enabled=\u00a0\u00bboff\u00a0\u00bb button_two_text_color__hover_enabled=\u00a0\u00bboff\u00a0\u00bb button_one_border_width__hover_enabled=\u00a0\u00bboff\u00a0\u00bb button_two_border_width__hover_enabled=\u00a0\u00bboff\u00a0\u00bb button_one_border_color__hover_enabled=\u00a0\u00bboff\u00a0\u00bb button_two_border_color__hover_enabled=\u00a0\u00bboff\u00a0\u00bb button_one_border_radius__hover_enabled=\u00a0\u00bboff\u00a0\u00bb button_two_border_radius__hover_enabled=\u00a0\u00bboff\u00a0\u00bb button_one_letter_spacing__hover_enabled=\u00a0\u00bboff\u00a0\u00bb button_two_letter_spacing__hover_enabled=\u00a0\u00bboff\u00a0\u00bb button_one_bg_color__hover_enabled=\u00a0\u00bboff\u00a0\u00bb button_two_bg_color__hover_enabled=\u00a0\u00bboff\u00a0\u00bb][\/et_pb_fullwidth_header][\/et_pb_section][et_pb_section fb_built=\u00a0\u00bb1&Prime; _builder_version=\u00a0\u00bb4.16&Prime; global_colors_info=\u00a0\u00bb{}\u00a0\u00bb][et_pb_row _builder_version=\u00a0\u00bb4.16&Prime; background_size=\u00a0\u00bbinitial\u00a0\u00bb background_position=\u00a0\u00bbtop_left\u00a0\u00bb background_repeat=\u00a0\u00bbrepeat\u00a0\u00bb global_colors_info=\u00a0\u00bb{}\u00a0\u00bb][et_pb_column type=\u00a0\u00bb4_4&Prime; _builder_version=\u00a0\u00bb4.16&Prime; custom_padding=\u00a0\u00bb|||\u00a0\u00bb global_colors_info=\u00a0\u00bb{}\u00a0\u00bb custom_padding__hover=\u00a0\u00bb|||\u00a0\u00bb][et_pb_text _builder_version=\u00a0\u00bb4.27.5&Prime; text_orientation=\u00a0\u00bbjustified\u00a0\u00bb module_alignment=\u00a0\u00bbleft\u00a0\u00bb global_colors_info=\u00a0\u00bb{}\u00a0\u00bb]<\/p>\n<h2 style=\"text-align: center;\">D\u00e9fense judiciaire en contentieux civils et commerciaux<\/h2>\n<p>[\/et_pb_text][et_pb_text _builder_version=\u00a0\u00bb4.16&Prime; text_orientation=\u00a0\u00bbjustified\u00a0\u00bb module_alignment=\u00a0\u00bbleft\u00a0\u00bb global_colors_info=\u00a0\u00bb{}\u00a0\u00bb]Notre cabinet d\u2019avocats experts en litiges \u00e0 Marbella est de caract\u00e8re g\u00e9n\u00e9raliste et \u00a0accordent une grande importance au domaine des <strong>Contrats<\/strong> et <strong>Investissement<\/strong> \u00e0 Marbella.<\/p>\n<p>L\u2019objectif principal\u00a0 de nos avocats sp\u00e9cialis\u00e9s en litiges \u00e0 Marbella, est de <strong>d\u00e9fendre les droits de nos clients<\/strong>, en particulier dans les domaines mentionn\u00e9s ant\u00e9rieurement.<\/p>\n<p>Nous sommes un cabinet d\u2019avocats litiges \u00e0 Marbella, ax\u00e9 autant sur <strong>le client particulier<\/strong> que sur les <strong>soci\u00e9t\u00e9s<\/strong>.<\/p>\n<p>Nos avocats experts en litiges Marbella, vous assisteront dans les sujets suivants :<\/p>\n<ul>\n<li>Droit Commercial<\/li>\n<li>Contrats<\/li>\n<li>Investissements \u00e0 Marbella<\/li>\n<li>Testaments<\/li>\n<li>Droit de la Famille<\/li>\n<li>Litiges<\/li>\n<li>Droit P\u00e9nal<\/li>\n<li>Droit International<\/li>\n<li>Droit Financier et Fiscal<\/li>\n<li>Droit Immobilier<\/li>\n<li>Droit Bancaire<\/li>\n<li>Droit Urbanistique<\/li>\n<li>Droit Administratif<\/li>\n<\/ul>\n<p>En d\u00e9finitive, nos avocats sp\u00e9cialis\u00e9s en litiges\u00a0 \u00e0 Marbella travaillent fondamentalement dans les domaines suivants :<\/p>\n<ul>\n<li>Fiscalit\u00e9 Immobili\u00e8re<\/li>\n<li>Conseil dans l\u2019\u00e9laboration de Contrats<\/li>\n<li>Toutes les Branches Juridiques<\/li>\n<\/ul>\n<p>[\/et_pb_text][et_pb_text _builder_version=\u00a0\u00bb4.16&Prime; global_colors_info=\u00a0\u00bb{}\u00a0\u00bb]<\/p>\n<blockquote>\n<h3 style=\"text-align: center;\"><strong>PSP Lawyers<\/strong> Service Personnalis\u00e9.<\/h3>\n<h3 style=\"text-align: center;\">Service enti\u00e8rement personnalis\u00e9, et sur mesure, en contact direct 24\/24h, facile et rapide avec l\u2019avocat qui traite votre cas.<\/h3>\n<\/blockquote>\n<p>[\/et_pb_text][et_pb_image src=\u00a0\u00bbhttps:\/\/psplawyers.es\/wp-content\/uploads\/2017\/11\/abogados-litigios-marbella.jpg\u00a0\u00bb alt=\u00a0\u00bbavocats- litiges-marbella\u00a0\u00bb title_text=\u00a0\u00bbAvocats en litiges \u00e0 Marbella\u00a0\u00bb align=\u00a0\u00bbcenter\u00a0\u00bb align_tablet=\u00a0\u00bbcenter\u00a0\u00bb align_phone=\u00a0\u00bb\u00a0\u00bb align_last_edited=\u00a0\u00bbon|desktop\u00a0\u00bb _builder_version=\u00a0\u00bb4.27.5&Prime; max_width=\u00a0\u00bb50%\u00a0\u00bb module_alignment=\u00a0\u00bbcenter\u00a0\u00bb always_center_on_mobile=\u00a0\u00bbon\u00a0\u00bb global_colors_info=\u00a0\u00bb{}\u00a0\u00bb][\/et_pb_image][et_pb_text admin_label=\u00a0\u00bbblocq\u00a0\u00bb _builder_version=\u00a0\u00bb4.16&Prime; global_colors_info=\u00a0\u00bb{}\u00a0\u00bb]<\/p>\n<blockquote>\n<h4 style=\"text-align: center;\"><strong>PSP Lawyers<\/strong> a une politique tr\u00e8s sp\u00e9cifique concernant les frais.<\/h4>\n<\/blockquote>\n<p>[\/et_pb_text][et_pb_text _builder_version=\u00a0\u00bb4.16&Prime; global_colors_info=\u00a0\u00bb{}\u00a0\u00bb]Avant de commencer,\u00a0 nos <strong>avocats sp\u00e9cialis\u00e9s en litiges \u00e0 Marbella,<\/strong> informent le client des frais \u00e0 payer, demandent des informations de base afin d\u2019\u00e9valuer la quantit\u00e9 de travail \u00e0 effectuer et la valoration \u00e9conomique, toujours par \u00e9crit afin d\u2019assurer une total compr\u00e9hension entre les parties.<\/p>\n<p>Le principal objectif de notre cabinet d\u2019avocats sp\u00e9cialis\u00e9s en litiges, est la satisfaction de nos clients.<\/p>\n<p>L\u2019intervention de nos avocats sp\u00e9cialis\u00e9s en<strong> litiges \u00e0 Marbella<\/strong> a pour but de d\u00e9fendre les droits de nos clients en faisant qu\u2019ils se sentent totalement s\u00fbrs que leurs int\u00e9r\u00eats l\u00e9gaux sont prot\u00e9g\u00e9s<br \/>\n[\/et_pb_text][et_pb_text _builder_version=\u00a0\u00bb4.16&Prime; global_colors_info=\u00a0\u00bb{}\u00a0\u00bb]<\/p>\n<h4 style=\"text-align: center;\"><strong>PSP Lawyers<\/strong>\u00a0expertos en Impuestos de Sucesiones,\u00a0Donaciones,\u00a0Transmisiones Patrimoniales,\u00a0Plusval\u00eda municipal, etc.<\/h4>\n<p>[\/et_pb_text][\/et_pb_column][\/et_pb_row][\/et_pb_section][et_pb_section fb_built=\u00a0\u00bb1&Prime; fullwidth=\u00a0\u00bbon\u00a0\u00bb _builder_version=\u00a0\u00bb4.16&Prime; background_image=\u00a0\u00bbhttps:\/\/psplawyers.es\/wp-content\/uploads\/2017\/06\/footer.jpg\u00a0\u00bb global_colors_info=\u00a0\u00bb{}\u00a0\u00bb][et_pb_fullwidth_header title=\u00a0\u00bbPSP Lawyers: N\u2019h\u00e9sitez pas et contactez notre cabinet.\u00a0\u00bb text_orientation=\u00a0\u00bbcenter\u00a0\u00bb button_one_text=\u00a0\u00bbCONTACT\u00a0\u00bb button_one_url=\u00a0\u00bbhttps:\/\/psplawyers.es\/fr\/contacto\/\u00a0\u00bb background_overlay_color=\u00a0\u00bbrgba(0,0,0,0.4)\u00a0\u00bb _builder_version=\u00a0\u00bb4.27.5&Prime; title_level=\u00a0\u00bbh3&Prime; subhead_font_size=\u00a0\u00bb28px\u00a0\u00bb background_color=\u00a0\u00bbrgba(255, 255, 255, 0)\u00a0\u00bb global_colors_info=\u00a0\u00bb{}\u00a0\u00bb button_one_text_size__hover_enabled=\u00a0\u00bboff\u00a0\u00bb button_two_text_size__hover_enabled=\u00a0\u00bboff\u00a0\u00bb button_one_text_color__hover_enabled=\u00a0\u00bboff\u00a0\u00bb button_two_text_color__hover_enabled=\u00a0\u00bboff\u00a0\u00bb button_one_border_width__hover_enabled=\u00a0\u00bboff\u00a0\u00bb button_two_border_width__hover_enabled=\u00a0\u00bboff\u00a0\u00bb button_one_border_color__hover_enabled=\u00a0\u00bboff\u00a0\u00bb button_two_border_color__hover_enabled=\u00a0\u00bboff\u00a0\u00bb button_one_border_radius__hover_enabled=\u00a0\u00bboff\u00a0\u00bb button_two_border_radius__hover_enabled=\u00a0\u00bboff\u00a0\u00bb button_one_letter_spacing__hover_enabled=\u00a0\u00bboff\u00a0\u00bb button_two_letter_spacing__hover_enabled=\u00a0\u00bboff\u00a0\u00bb button_one_bg_color__hover_enabled=\u00a0\u00bboff\u00a0\u00bb button_two_bg_color__hover_enabled=\u00a0\u00bboff\u00a0\u00bb][\/et_pb_fullwidth_header][\/et_pb_section]<\/p>\n","protected":false},"excerpt":{"rendered":"<p>D\u00e9fense judiciaire en contentieux civils et commerciauxNotre cabinet d\u2019avocats experts en litiges \u00e0 Marbella est de caract\u00e8re g\u00e9n\u00e9raliste et \u00a0accordent une grande importance au domaine des Contrats et Investissement \u00e0 Marbella. L\u2019objectif principal\u00a0 de nos avocats sp\u00e9cialis\u00e9s en litiges \u00e0 Marbella, est de d\u00e9fendre les droits de nos clients, en particulier dans les domaines mentionn\u00e9s [&hellip;]<\/p>\n","protected":false},"author":1,"featured_media":0,"parent":0,"menu_order":0,"comment_status":"closed","ping_status":"closed","template":"","meta":{"_et_pb_use_builder":"on","_et_pb_old_content":"","_et_gb_content_width":"","footnotes":""},"class_list":["post-1092","page","type-page","status-publish","hentry"],"aioseo_notices":[],"_links":{"self":[{"href":"https:\/\/psplawyers.es\/fr\/wp-json\/wp\/v2\/pages\/1092","targetHints":{"allow":["GET"]}}],"collection":[{"href":"https:\/\/psplawyers.es\/fr\/wp-json\/wp\/v2\/pages"}],"about":[{"href":"https:\/\/psplawyers.es\/fr\/wp-json\/wp\/v2\/types\/page"}],"author":[{"embeddable":true,"href":"https:\/\/psplawyers.es\/fr\/wp-json\/wp\/v2\/users\/1"}],"replies":[{"embeddable":true,"href":"https:\/\/psplawyers.es\/fr\/wp-json\/wp\/v2\/comments?post=1092"}],"version-history":[{"count":5,"href":"https:\/\/psplawyers.es\/fr\/wp-json\/wp\/v2\/pages\/1092\/revisions"}],"predecessor-version":[{"id":1338,"href":"https:\/\/psplawyers.es\/fr\/wp-json\/wp\/v2\/pages\/1092\/revisions\/1338"}],"wp:attachment":[{"href":"https:\/\/psplawyers.es\/fr\/wp-json\/wp\/v2\/media?parent=1092"}],"curies":[{"name":"wp","href":"https:\/\/api.w.org\/{rel}","templated":true}]}}