{"id":1094,"date":"2017-11-20T11:21:59","date_gmt":"2017-11-20T11:21:59","guid":{"rendered":"https:\/\/psplawyers.es\/avocats-achat-vente-espagne\/"},"modified":"2026-04-29T07:54:25","modified_gmt":"2026-04-29T07:54:25","slug":"avocats-achat-vente-espagne","status":"publish","type":"page","link":"https:\/\/psplawyers.es\/fr\/avocats-achat-vente-espagne\/","title":{"rendered":"Avocats achat\/vente Espagne"},"content":{"rendered":"<div class=\"et_pb_section_0 et_pb_section et_pb_fullwidth_section et_section_regular et_block_section\"><section class=\"et_pb_fullwidth_header_0 et_pb_fullwidth_header et_pb_bg_layout_dark et_pb_text_align_left et_pb_module et_flex_module\"><div class=\"et_pb_fullwidth_header_container left\"><div class=\"header-content-container center\"><div class=\"header-content et_flex_module\"><h1 class=\"et_pb_module_header\">Avocats achat\/vente Espagne<\/h1><div class=\"et_pb_header_button_wrapper\"><\/div><\/div><\/div><\/div><div class=\"et_pb_fullwidth_header_overlay\"><\/div><div class=\"et_pb_fullwidth_header_scroll\"><\/div><\/section><\/div><div class=\"et_pb_section_1 et_pb_section et_section_regular et_block_section\"><div class=\"et_pb_row_0 et_pb_row et_block_row\"><div class=\"et_pb_column_0 et_pb_column et_pb_column_4_4 et-last-child et_block_column et_pb_css_mix_blend_mode_passthrough\"><div class=\"et_pb_text_0 et_pb_text et_pb_bg_layout_light et_pb_module et_block_module et_pb_text_align_justified\"><div class=\"et_pb_text_inner\"><p><strong>PSP Lawyers<\/strong>\u00a0 est un cabinet d\u2019avocats\u00a0 sp\u00e9cialis\u00e9s en achats\/ventes hautement qualifi\u00e9s traitant de tous les aspects li\u00e9s au <strong>Droit Immobilier<\/strong>.<\/p>\n<p>Nos avocats sp\u00e9cialis\u00e9s en achats\/ventes en Espagne,\u00a0 ont obtenu les meilleurs r\u00e9sultats en termes de conseils juridiques \u00e0 la fois lors de l\u2019achat, la location ou la vente d\u2019une propri\u00e9t\u00e9 en Espagne.<\/p>\n<\/div><\/div><div class=\"et_pb_text_1 et_pb_text et_pb_bg_layout_light et_pb_module et_block_module\"><div class=\"et_pb_text_inner\"><blockquote>\n<h3 style=\"text-align: center;\"><strong>PSP Lawyers<\/strong>: Nous veillons en permanence sur la s\u00e9curit\u00e9 et la tranquillit\u00e9 de nos clients. Confiez-nous l\u2019achat ou la vente de l\u2019immeuble que vous d\u00e9sirez.<\/h3>\n<\/blockquote>\n<\/div><\/div><div class=\"et_pb_text_2 et_pb_text et_pb_bg_layout_light et_pb_module et_block_module\"><div class=\"et_pb_text_inner\"><p>Notre cabinet dispose d\u2019une \u00e9quipe d\u2019avocats sp\u00e9cialis\u00e9s dans l\u2019achat et la vente en Espagne, hautement qualifi\u00e9e dot\u00e9e d\u2019une ample exp\u00e9rience dans tous les aspects juridiques et \u00e9conomiques qui interviennent lors du\u00a0 processus d\u2019achat\/vente.<\/p>\n<p><strong>Nous pouvons vous conseiller avec une totale garantie.<\/strong> A compter de l\u2019\u00e9laboration du contrat, depuis les <strong>contr\u00f4les administratifs et urbanistiques<\/strong>, jusqu\u2019aux <strong>aspects fiscaux, d\u2019enregistrement et de notaire<\/strong>, requis pour une op\u00e9ration d\u2019achat\/vente en Espagne, s\u00fbre et \u00e0 votre enti\u00e8re satisfaction.<\/p>\n<\/div><\/div><div class=\"et_pb_image_0 et_pb_image et_pb_module et_block_module\"><span class=\"et_pb_image_wrap\"><img loading=\"lazy\" decoding=\"async\" src=\"https:\/\/psplawyers.es\/wp-content\/uploads\/2017\/11\/abogados-compra-venta-espana.jpg\" width=\"800\" height=\"485\" srcset=\"https:\/\/psplawyers.es\/wp-content\/uploads\/2017\/11\/abogados-compra-venta-espana.jpg 800w, https:\/\/psplawyers.es\/wp-content\/uploads\/2017\/11\/abogados-compra-venta-espana-300x182.jpg 300w, https:\/\/psplawyers.es\/wp-content\/uploads\/2017\/11\/abogados-compra-venta-espana-768x466.jpg 768w\" sizes=\"(max-width: 800px) 100vw, 800px\" class=\"wp-image-891\" \/><\/span><\/div><div class=\"et_pb_text_3 et_pb_text et_pb_bg_layout_light et_pb_module et_block_module\"><div class=\"et_pb_text_inner\"><blockquote>\n<h4 style=\"text-align: center;\"><strong>PSP Lawyers<\/strong> Avocats experts dans la garantie d\u2019un achat\/vente de biens immobiliers en Espagne de fa\u00e7on s\u00fbre et totalement satisfaisante.<\/h4>\n<\/blockquote>\n<\/div><\/div><div class=\"et_pb_text_4 et_pb_text et_pb_bg_layout_light et_pb_module et_block_module\"><div class=\"et_pb_text_inner\"><p>Si vous cherchez un cabinet d\u2019avocats pour une vente\/achat en toute s\u00e9curit\u00e9, en Espagne, contactez<strong> PSP Lawyers.<\/strong><\/p>\n<p>Nos avocats travaillent en \u00e9troite collaboration avec nos clients dans toutes les phases de la transaction, en <strong>minimisant les risques<\/strong> et en essayant de <strong>maximiser les b\u00e9n\u00e9fices<\/strong>.<\/p>\n<p>Notre \u00e9quipe d\u2019avocats achat\/vente en Espagne vous offrira un devis approximatif lors du premier contact ainsi qu\u2019un conseil complet sur le processus d\u2019achat\/vente en Espagne.<\/p>\n<p>&nbsp;<\/p>\n<h3 style=\"text-align: center;\"><strong>Vous cherchez un cabinet d\u2019avocats experts qui peuvent vous garantir un achat\/vente s\u00fbr et satisfaisant, en Espagne ? <\/strong><\/h3>\n<blockquote>\n<h3 style=\"text-align: center;\"><strong>PSP Lawyers<\/strong> s\u2019occupent de tout. Contactez-nous. Nous sommes un cabinet d\u2019experts.<\/h3>\n<\/blockquote>\n<\/div><\/div><div class=\"et_pb_text_5 et_pb_text et_pb_bg_layout_light et_pb_module et_block_module\"><div class=\"et_pb_text_inner\"><p><strong>PSP Lawyers<\/strong>: Experts en achat\/vente en Espagne,\u00a0 droit hypoth\u00e9caire, \u00a0droit immobilier et conseil juridique de tous les aspects n\u00e9cessaires pour garantir un achat\/vente en Espagne, s\u00fbr, fiable et satisfaisant.<\/p>\n<blockquote>\n<h4 style=\"text-align: center;\">Experts en achat\/vente en Espagne. Nous pouvons et savons comment vous aider. Contactez notre cabinet. Nous nous occupons de tout.<\/h4>\n<\/blockquote>\n<p>Nous dominons tous les aspects des domaines d\u2019achat\/vente, obtenant les meilleurs r\u00e9sultats dans le conseil juridique lors de l\u2019acquisition, la vente ou toutes autre forme juridique de cession de droits, s\u00e9rieuse et b\u00e9n\u00e9fique pour le client.<\/p>\n<\/div><\/div><\/div><\/div><\/div><div class=\"et_pb_section_2 et_pb_section et_pb_fullwidth_section et_section_regular et_block_section\"><section class=\"et_pb_fullwidth_header_1 et_pb_fullwidth_header et_pb_bg_layout_dark et_pb_text_align_center et_pb_module et_flex_module\"><div class=\"et_pb_fullwidth_header_container center\"><div class=\"header-content-container center\"><div class=\"header-content et_flex_module\"><h1 class=\"et_pb_module_header\">PSP Lawyers: n\u2019h\u00e9sitez pas et contactez notre cabinet. <\/h1><div class=\"et_pb_header_content_wrapper\"><h3><\/h3>\n<h3 style=\"text-align: center;\"><strong>+34<\/strong> <strong>951 466 306<\/strong><\/h3>\n<h3 style=\"text-align: center;\"><strong>URGENCIAS:&nbsp;692 642 345<\/strong><\/h3>\n<\/div><div class=\"et_pb_header_button_wrapper\"><a class=\"et_pb_button et_pb_more_button et_pb_button_one\" href=\"https:\/\/psplawyers.es\/fr\/contacto\/\">CONTACT<\/a><\/div><\/div><\/div><\/div><div class=\"et_pb_fullwidth_header_overlay\"><\/div><div class=\"et_pb_fullwidth_header_scroll\"><\/div><\/section><\/div>","protected":false},"excerpt":{"rendered":"","protected":false},"author":1,"featured_media":0,"parent":0,"menu_order":0,"comment_status":"closed","ping_status":"closed","template":"","meta":{"footnotes":""},"class_list":["post-1094","page","type-page","status-publish","hentry"],"aioseo_notices":[],"_links":{"self":[{"href":"https:\/\/psplawyers.es\/fr\/wp-json\/wp\/v2\/pages\/1094","targetHints":{"allow":["GET"]}}],"collection":[{"href":"https:\/\/psplawyers.es\/fr\/wp-json\/wp\/v2\/pages"}],"about":[{"href":"https:\/\/psplawyers.es\/fr\/wp-json\/wp\/v2\/types\/page"}],"author":[{"embeddable":true,"href":"https:\/\/psplawyers.es\/fr\/wp-json\/wp\/v2\/users\/1"}],"replies":[{"embeddable":true,"href":"https:\/\/psplawyers.es\/fr\/wp-json\/wp\/v2\/comments?post=1094"}],"version-history":[{"count":2,"href":"https:\/\/psplawyers.es\/fr\/wp-json\/wp\/v2\/pages\/1094\/revisions"}],"predecessor-version":[{"id":1395,"href":"https:\/\/psplawyers.es\/fr\/wp-json\/wp\/v2\/pages\/1094\/revisions\/1395"}],"wp:attachment":[{"href":"https:\/\/psplawyers.es\/fr\/wp-json\/wp\/v2\/media?parent=1094"}],"curies":[{"name":"wp","href":"https:\/\/api.w.org\/{rel}","templated":true}]}}