{"id":1097,"date":"2017-11-20T12:03:22","date_gmt":"2017-11-20T12:03:22","guid":{"rendered":"https:\/\/psplawyers.es\/avocats-investissements-en-espagne\/"},"modified":"2026-04-29T07:54:28","modified_gmt":"2026-04-29T07:54:28","slug":"avocats-investissements-en-espagne","status":"publish","type":"page","link":"https:\/\/psplawyers.es\/fr\/avocats-investissements-en-espagne\/","title":{"rendered":"Avocats investissements en Espagne"},"content":{"rendered":"<div class=\"et_pb_section_0 et_pb_section et_pb_fullwidth_section et_section_regular et_block_section\"><section class=\"et_pb_fullwidth_header_0 et_pb_fullwidth_header et_pb_bg_layout_dark et_pb_text_align_left et_pb_module et_flex_module\"><div class=\"et_pb_fullwidth_header_container left\"><div class=\"header-content-container center\"><div class=\"header-content et_flex_module\"><h1 class=\"et_pb_module_header\">Avocats investissements en Espagne<\/h1><div class=\"et_pb_header_button_wrapper\"><\/div><\/div><\/div><\/div><div class=\"et_pb_fullwidth_header_overlay\"><\/div><div class=\"et_pb_fullwidth_header_scroll\"><\/div><\/section><\/div><div class=\"et_pb_section_1 et_pb_section et_section_regular et_block_section\"><div class=\"et_pb_row_0 et_pb_row et_block_row\"><div class=\"et_pb_column_0 et_pb_column et_pb_column_4_4 et-last-child et_block_column et_pb_css_mix_blend_mode_passthrough\"><div class=\"et_pb_text_0 et_pb_text et_pb_bg_layout_light et_pb_module et_block_module et_pb_text_align_justified\"><div class=\"et_pb_text_inner\"><p>Notre cabinet met \u00e0 votre service une \u00e9quipe d\u2019avocats experts en investissements en Espagne. Nous nous consacrons en profondeur \u00e0 tous les aspects qui interviennent lors d\u2019un investissement en Espagne avec toutes les garanties l\u00e9gales n\u00e9cessaire.<\/p>\n<p>Nos avocats sp\u00e9cialis\u00e9s en investissements en Espagne, obtiennent les meilleurs r\u00e9sultats dans le conseil l\u00e9gal\u00a0 lors d\u2019une <strong>acquisition, vente ou toute autre juridique de cession de droits<\/strong>, s\u00e9rieuse et b\u00e9n\u00e9fique pour le client..<\/p>\n<p>Notre \u00e9quipe d\u2019avocats sp\u00e9cialistes en investissements en Espagne, poss\u00e8de une vaste exp\u00e9rience autant dans la gestion efficace des aspects juridiques, dans les <strong>ventes, achats, hypoth\u00e8ques et locaux commerciaux<\/strong> de tous types, comme dans le conseil surtout \u00a0les aspects de la l\u00e9gislation applicable dans toute l\u2019Espagne.<\/p>\n<\/div><\/div><div class=\"et_pb_text_1 et_pb_text et_pb_bg_layout_light et_pb_module et_block_module\"><div class=\"et_pb_text_inner\"><blockquote>\n<h3 style=\"text-align: center;\"><strong>PSP Lawyers<\/strong>: Conseil int\u00e9gral pour particuliers et entreprises.<\/h3>\n<\/blockquote>\n<\/div><\/div><div class=\"et_pb_text_2 et_pb_text et_pb_bg_layout_light et_pb_module et_block_module\"><div class=\"et_pb_text_inner\"><p>Dans notre cabinet vous serez en contact permanent avec nos avocats sp\u00e9cialistes en investissements en Espagne, durant toutes les \u00e9tapes par lesquelles devra passer votre investissement.<\/p>\n<p>Parmi nos services, figurent le conseil juridique durant tout le processus d\u2019acquisition, la recherche et l\u2019identification des actifs immobiliers, ainsi que la finalisation de la transaction.<\/p>\n<\/div><\/div><div class=\"et_pb_image_0 et_pb_image et_pb_module et_block_module\"><span class=\"et_pb_image_wrap\"><img loading=\"lazy\" decoding=\"async\" src=\"https:\/\/psplawyers.es\/wp-content\/uploads\/2017\/11\/abogados-inversiones-espana.jpg\" width=\"800\" height=\"533\" srcset=\"https:\/\/psplawyers.es\/wp-content\/uploads\/2017\/11\/abogados-inversiones-espana.jpg 800w, https:\/\/psplawyers.es\/wp-content\/uploads\/2017\/11\/abogados-inversiones-espana-300x200.jpg 300w, https:\/\/psplawyers.es\/wp-content\/uploads\/2017\/11\/abogados-inversiones-espana-768x512.jpg 768w\" sizes=\"(max-width: 800px) 100vw, 800px\" class=\"wp-image-902\" \/><\/span><\/div><div class=\"et_pb_text_3 et_pb_text et_pb_bg_layout_light et_pb_module et_block_module\"><div class=\"et_pb_text_inner\"><blockquote>\n<h4 style=\"text-align: center;\">Nos avocats sp\u00e9cialistes en <strong>investissements en Espagne<\/strong> sont experts dans la r\u00e9duction des risques et la maximisation des b\u00e9n\u00e9fices.<\/h4>\n<\/blockquote>\n<\/div><\/div><div class=\"et_pb_text_4 et_pb_text et_pb_bg_layout_light et_pb_module et_block_module\"><div class=\"et_pb_text_inner\"><p>Des le premier contact, nos avocats sp\u00e9cialistes en investissements en Espagne, vous fourniront <strong>une estimation des co\u00fbts de notre gestion<\/strong>. <strong>Nous travaillons en \u00e9troite collaboration avec nos clients facilitant l\u2019accord entre les parties<\/strong>.<\/p>\n<h3 style=\"text-align: center;\"><strong>PSPS Lawyers: Transparence, efficacit\u00e9, exp\u00e9rience et s\u00e9curit\u00e9.<\/strong><\/h3>\n<blockquote>\n<h3 style=\"text-align: center;\">La garantie d\u2019un cabinet exp\u00e9riment\u00e9 et de r\u00e9sultats\u00a0 fiables.<\/h3>\n<\/blockquote>\n<\/div><\/div><\/div><\/div><\/div><div class=\"et_pb_section_2 et_pb_section et_pb_fullwidth_section et_section_regular et_block_section\"><section class=\"et_pb_fullwidth_header_1 et_pb_fullwidth_header et_pb_bg_layout_dark et_pb_text_align_center et_pb_module et_flex_module\"><div class=\"et_pb_fullwidth_header_container center\"><div class=\"header-content-container center\"><div class=\"header-content et_flex_module\"><h1 class=\"et_pb_module_header\">PSP Lawyers: Si vous \u00eates \u00e0 la recherche d\u2019un investissement s\u00fbr en Espagne, contactez notre cabinet.<\/h1><div class=\"et_pb_header_content_wrapper\"><h3><\/h3>\n<h3 style=\"text-align: center;\"><strong>+34<\/strong> <strong>951 466 306<\/strong><\/h3>\n<h3 style=\"text-align: center;\"><strong>URGENCES:\u00a0692 642 345<\/strong><\/h3>\n<p>&nbsp;<\/p>\n<\/div><div class=\"et_pb_header_button_wrapper\"><a class=\"et_pb_button et_pb_more_button et_pb_button_one\" href=\"https:\/\/psplawyers.es\/fr\/contacto\/\">CONTACT<\/a><\/div><\/div><\/div><\/div><div class=\"et_pb_fullwidth_header_overlay\"><\/div><div class=\"et_pb_fullwidth_header_scroll\"><\/div><\/section><\/div>","protected":false},"excerpt":{"rendered":"","protected":false},"author":1,"featured_media":0,"parent":0,"menu_order":0,"comment_status":"closed","ping_status":"closed","template":"","meta":{"footnotes":""},"class_list":["post-1097","page","type-page","status-publish","hentry"],"aioseo_notices":[],"_links":{"self":[{"href":"https:\/\/psplawyers.es\/fr\/wp-json\/wp\/v2\/pages\/1097","targetHints":{"allow":["GET"]}}],"collection":[{"href":"https:\/\/psplawyers.es\/fr\/wp-json\/wp\/v2\/pages"}],"about":[{"href":"https:\/\/psplawyers.es\/fr\/wp-json\/wp\/v2\/types\/page"}],"author":[{"embeddable":true,"href":"https:\/\/psplawyers.es\/fr\/wp-json\/wp\/v2\/users\/1"}],"replies":[{"embeddable":true,"href":"https:\/\/psplawyers.es\/fr\/wp-json\/wp\/v2\/comments?post=1097"}],"version-history":[{"count":2,"href":"https:\/\/psplawyers.es\/fr\/wp-json\/wp\/v2\/pages\/1097\/revisions"}],"predecessor-version":[{"id":1398,"href":"https:\/\/psplawyers.es\/fr\/wp-json\/wp\/v2\/pages\/1097\/revisions\/1398"}],"wp:attachment":[{"href":"https:\/\/psplawyers.es\/fr\/wp-json\/wp\/v2\/media?parent=1097"}],"curies":[{"name":"wp","href":"https:\/\/api.w.org\/{rel}","templated":true}]}}